{"id":1111,"date":"2021-10-20T09:54:05","date_gmt":"2021-10-20T09:54:05","guid":{"rendered":"https:\/\/cohabitem.org\/?page_id=1111"},"modified":"2024-06-17T15:12:42","modified_gmt":"2024-06-17T15:12:42","slug":"covivienda","status":"publish","type":"page","link":"https:\/\/cohabitem.org\/ca\/covivienda\/","title":{"rendered":"Qu\u00e8 \u00e9s el cohabitatge?"},"content":{"rendered":"<div id=\"wp-block-themeisle-blocks-advanced-columns-1e769927\" class=\"wp-block-themeisle-blocks-advanced-columns has-2-columns has-desktop-equal-layout has-tablet-equal-layout has-mobile-collapsedRows-layout has-vertical-unset\"><div class=\"wp-block-themeisle-blocks-advanced-columns-overlay\"><\/div><div class=\"innerblocks-wrap\">\n<div id=\"wp-block-themeisle-blocks-advanced-column-36c9fbc4\" class=\"wp-block-themeisle-blocks-advanced-column\">\n<p class=\"translation-block\">El <strong><em>cohabitatge<\/em><\/strong>, tamb\u00e9 anomenat <strong><em>habitatge col\u00b7laboratiu<\/em><\/strong> o <strong><em>cohousing<\/em><\/strong>, \u00e9s una modalitat d\u2019acc\u00e9s a la vivenda que, despr\u00e9s d\u2019un llarg recorregut en pa\u00efsos tan diferents com Dinamarca o Uruguai, est\u00e0 estenent-se a la Comunitat Valenciana i a Espanya en general.<\/p>\n<\/div>\n\n\n\n<div id=\"wp-block-themeisle-blocks-advanced-column-3d00e223\" class=\"wp-block-themeisle-blocks-advanced-column\">\n<p class=\"translation-block\">Amb la popularitzaci\u00f3 del terme estan apareixent cada vegada m\u00e9s interpretacions diferents, especialment al voltant de la paraula <em>cohousing<\/em>. A continuaci\u00f3 revisem diferents tipus de projectes per a tractar de fixar un marc com\u00fa sobre el qual treballar.<\/p>\n<\/div>\n<\/div><\/div>\n\n\n\n<h2 class=\"wp-block-heading\">Definici\u00f3 de tipologia i funcionament: una forma de viure<\/h2>\n\n\n\n<div id=\"wp-block-themeisle-blocks-advanced-columns-766e1c34\" class=\"wp-block-themeisle-blocks-advanced-columns has-2-columns has-desktop-twoOne-layout has-tablet-equal-layout has-mobile-collapsedRows-layout has-vertical-unset\"><div class=\"wp-block-themeisle-blocks-advanced-columns-overlay\"><\/div><div class=\"innerblocks-wrap\">\n<div id=\"wp-block-themeisle-blocks-advanced-column-530891b5\" class=\"wp-block-themeisle-blocks-advanced-column\">\n<p class=\"translation-block\">La definici\u00f3 m\u00e9s b\u00e0sica de <em>cohousing<\/em> \u00e9s la que at\u00e9n principalment a les <strong>din\u00e0miques comunit\u00e0ries<\/strong> d\u2019un grup de persones i a la <strong>tipologia arquitect\u00f2nica<\/strong> que les sost\u00e9.<\/p>\n\n\n\n<p class=\"has-light-grey-background-color has-background translation-block\">Segons esta perspectiva, el <em>cohousing<\/em> es podria definir com a un ve\u00efnat que afavorix la vida en comunitat a trav\u00e9s d\u2019espais i serveis compartits.<\/p>\n\n\n\n<p class=\"translation-block\">A nivell <strong>social<\/strong>, es busca una millora en la qualitat de vida a trav\u00e9s d\u2019un equilibri entre l\u2019autonomia i la privacitat de les persones, i el suport mutu o  els serveis gestionats a la comunitat. Es parla de <strong>comunitats intencionals<\/strong> que comparteixen un prop\u00f2sit o una visi\u00f3 comuna sobre com volen viure, i es vinculen a conceptes com el <strong>consum col\u00b7laboratiu<\/strong>.<\/p>\n\n\n\n<p>La seua realitat humana, referent a edats, tipus d\u2019unitats de conviv\u00e8ncia, nivell socioecon\u00f2mics i altres aspectes, pot ser molt diversa.<\/p>\n\n\n\n<p class=\"translation-block\">A nivell <strong>arquitect\u00f2nic<\/strong>, es parla d\u2019edificis amb una proporci\u00f3 d\u2019<strong>espais i serveis compartits<\/strong> major de l\u2019habitual. Apareixen espais com bugaderies, sales per a esdeveniments socials o usos m\u00faltiples, gimnasos, cuines comunit\u00e0ries, espais per a la infantesa o les cures, etc.<\/p>\n\n\n\n<p>La seua realitat arquitect\u00f2nica pot ser molt variada, pot abastar des de la rehabilitaci\u00f3 d'edificis existents fins a l'edificaci\u00f3 de nova planta, des de vivendes a\u00efllades fins a vivendes plurifamiliars o centres residencials.<\/p>\n<\/div>\n\n\n\n<div id=\"wp-block-themeisle-blocks-advanced-column-f85adf18\" class=\"wp-block-themeisle-blocks-advanced-column\">\n<p>Tanmateix, esta definici\u00f3 no garanteix que este model haja de  tindre un impacte positiu en l\u2019acc\u00e9s a la vivenda com a dret fonamental. <\/p>\n\n\n\n<p>No fa refer\u00e8ncia al model econ\u00f2mic i jur\u00eddic, en qu\u00e8 es recolzen aspectes com la inclusi\u00f3, la propietat, la no especulaci\u00f3 o la participaci\u00f3. <\/p>\n\n\n\n<p class=\"has-light-grey-background-color has-background translation-block\">Per tant, esta definici\u00f3 la considerem insuficient per a crear pol\u00edtiques p\u00fabliques s\u00f2lides que faciliten l\u2019acc\u00e9s a la vivenda. Creiem que \u00e9s important <strong>aprofundir m\u00e9s en el model<\/strong> i assenyalar altres tipus de qualitats o valors fonamentals, com proposem a continuaci\u00f3.<\/p>\n<\/div>\n<\/div><\/div>\n\n\n\n<h2 class=\"wp-block-heading\">Cesi\u00f3n de uso<\/h2>\n\n\n\n<p>En el modelo de cesi\u00f3n de uso, la propiedad de la edificaci\u00f3n y las instalaciones es colectiva e indivisa: pertenecen a la cooperativa. <\/p>\n\n\n\n<p>La cooperativa cede el uso de las viviendas y los espacios comunes a las personas socias, que a cambio aportan a la cooperativa:<\/p>\n\n\n\n<ul class=\"wp-block-list\">\n<li>Una <strong>aportaci\u00f3n obligatoria al capital social<\/strong>, retornable, que dota a la cooperativa de fondos propios para acometer la promoci\u00f3n. Cuando una persona socia deja el proyecto, se le devuelve su aportaci\u00f3n y otra persona entra con una aportaci\u00f3n equivalente en su lugar.<\/li>\n\n\n\n<li>Una <strong>cuota mensual de cesi\u00f3n de uso<\/strong>, no retornable y asimilable a un alquiler, que se mantiene todo el tiempo que una persona permanezca como socia y permite a la cooperativa devolver la financiaci\u00f3n e ir cubriendo otros gastos del proyecto.<\/li>\n<\/ul>\n\n\n\n<p>Adicionalmente, la mayor\u00eda de proyectos aplican una <strong>cuota de servicios<\/strong> que permite cubrir suministros b\u00e1sicos (agua, luz, gas, internet, etc.) y otros servicios que la cooperativa decida implementar.<\/p>\n\n\n\n<h2 class=\"wp-block-heading\">Definici\u00f3 per principis: un model d\u2019acc\u00e9s a l'habitatge<\/h2>\n\n\n\n<div id=\"wp-block-themeisle-blocks-advanced-columns-dc3aa839\" class=\"wp-block-themeisle-blocks-advanced-columns has-2-columns has-desktop-oneTwo-layout has-tablet-equal-layout has-mobile-collapsedRows-layout has-vertical-unset\"><div class=\"wp-block-themeisle-blocks-advanced-columns-overlay\"><\/div><div class=\"innerblocks-wrap\">\n<div id=\"wp-block-themeisle-blocks-advanced-column-d07935e3\" class=\"wp-block-themeisle-blocks-advanced-column\">\n<p class=\"translation-block\">Aix\u00ed doncs, busquem una definici\u00f3 que ens permeta delimitar clarament quins aspectes fan del model de vivenda col\u00b7laborativa en cessi\u00f3 d\u2019\u00fas <strong>un model desitjable per a la societat i digne del suport institucional<\/strong>.<\/p>\n\n\n\n<p>Per aix\u00f2, ens recolzem en els principis consensuats en el sinus del grup de treball de vivenda cooperativa en cessi\u00f3 d\u2019\u00fas en la <em>Red de Redes de Econom\u00eda Alternativa y Solidaria (REAS)<\/em>, els que subscrivim com a Coordinadora:<\/p>\n<\/div>\n\n\n\n<div id=\"wp-block-themeisle-blocks-advanced-column-6b972d18\" class=\"wp-block-themeisle-blocks-advanced-column\">\n<ol class=\"wp-block-list\">\n<li class=\"translation-block\"><strong>No lucre i propietat cooperativa:<\/strong> La propietat \u00e9s cooperativa i es mant\u00e9 com a tal indefinidament. Els projectes es constituiexen com a cooperatives sense \u00e0nim de lucre. Es busca que el finan\u00e7ament siga col\u00b7lectiu. No hi ha recuperaci\u00f3 de quota o c\u00e0non peri\u00f2dic d\u2019\u00fas.<\/li>\n\n\n\n<li class=\"translation-block\"><strong>Autopromoci\u00f3 i comunitat:<\/strong> Intenci\u00f3 de vida comunit\u00e0ria i  suport mutu, en projectes liderats per les persones s\u00f2cies habitants. Esfor\u00e7 d\u2019empoderament i formaci\u00f3 de les s\u00f2cies. Transpar\u00e8ncia i obertura cap a l\u2019entorn.<\/li>\n\n\n\n<li class=\"translation-block\"><strong>Vivenda assequible i inclusiva:<\/strong> Criteris d\u2019acc\u00e9s transparents i trasp\u00e0s de l\u2019\u00fas  trav\u00e9s de la cooperativa. Es limita l\u2019aportaci\u00f3 inicial per a facilitar l\u2019assequibilitat del model, que s\u2019ha de mantindre al llarg del temps.<\/li>\n\n\n\n<li class=\"translation-block\"><strong>Corresponsabilitat amb l'entorn:<\/strong> Intencionalitat de vinculaci\u00f3 amb l\u2019entorn i el territori, i aposta per la sostenibilitat mediambiental. Implicaci\u00f3 en el treball pel dret a la vivenda i el foment de models alternatius d\u2019habitar.<\/li>\n\n\n\n<li class=\"translation-block\"><strong>Creixement i replicabilitat:<\/strong> Compartir coneixements amb el sector i l\u2019entorn. Realitzaci\u00f3 d\u2019accions per a fomentar i difondre el model.<\/li>\n<\/ol>\n<\/div>\n<\/div><\/div>\n\n\n\n<p class=\"translation-block\">Estos aspectes no s'han d'entendre com a <em>requisits<\/em> que han de complir \u00edntegrament tots els projectes que vulguen formar part de la coordinadora. S\u00f3n m\u00e9s b\u00e9 uns <em>principis<\/em> que compartim i als quals aspirem per damunt de la diversitat de les circumst\u00e0ncies i enfocament de cada projecte en particular.<\/p>\n\n\n\n<p>Si tens un projecte que responga de forma general a este plantejament i estiga situat a la Comunitat Valenciana, no ho dubtes. Contacta'ns i uneix-te a la coordinadora!<\/p>\n\n\n\n<h2 class=\"wp-block-heading\" id=\"ejemplos\">Algunos ejemplos de proyectos<\/h2>\n\n\n\n<p>Aunque es un modelo novedoso, la vivienda colaborativa en cesi\u00f3n de uso se est\u00e1 extendiendo de forma exponencial por todo el territorio, y cada vez contamos con m\u00e1s proyectos en funcionamiento. <\/p>\n\n\n\n<p>A continuaci\u00f3n enlazamos a algunos ejemplos que muestran la variedad de enfoques (intergeneracional, senior), de modalidades de acceso al suelo (en propiedad, en derecho de superficie), de formas de financiaci\u00f3n, etc.<\/p>\n\n\n\n<h3 class=\"wp-block-heading\">Entrepatios Las Carolinas<\/h3>\n\n\n\n<div class=\"wp-block-columns is-layout-flex wp-container-core-columns-is-layout-1 wp-block-columns-is-layout-flex\">\n<div class=\"wp-block-column is-layout-flow wp-block-column-is-layout-flow\">\n<div style=\"height:30px\" aria-hidden=\"true\" class=\"wp-block-spacer\"><\/div>\n\n\n\n<figure class=\"wp-block-image size-large\"><img decoding=\"async\" width=\"1024\" height=\"684\" src=\"https:\/\/cohabitem.org\/wp-content\/uploads\/2022\/10\/image-1024x684.png\" alt=\"\" class=\"wp-image-1402\" srcset=\"https:\/\/cohabitem.org\/wp-content\/uploads\/2022\/10\/image-1024x684.png 1024w, https:\/\/cohabitem.org\/wp-content\/uploads\/2022\/10\/image-300x200.png 300w, https:\/\/cohabitem.org\/wp-content\/uploads\/2022\/10\/image-768x513.png 768w, https:\/\/cohabitem.org\/wp-content\/uploads\/2022\/10\/image-18x12.png 18w, https:\/\/cohabitem.org\/wp-content\/uploads\/2022\/10\/image.png 1444w\" sizes=\"(max-width: 1024px) 100vw, 1024px\" \/><figcaption class=\"wp-element-caption\">Fachada exterior &#8211; foto: <a rel=\"noreferrer noopener\" href=\"https:\/\/www.entrepatios.org\/las-carolinas\/\" target=\"_blank\">Entrepatios<\/a><\/figcaption><\/figure>\n<\/div>\n\n\n\n<div class=\"wp-block-column is-layout-flow wp-block-column-is-layout-flow\">\n<p>Entrepatios La Carolinas es la primera de varias promociones de la cooperativa Entrepatios, situada en Madrid. Es un proyecto <strong>intergeneracional<\/strong> de vivienda colaborativa en cesi\u00f3n de uso constituido por 17 viviendas y espacios comunitarios, construido con los m\u00e1s altos est\u00e1ndares de ecolog\u00eda y eficiencia energ\u00e9tica. Habitado desde el a\u00f1o 2020.<\/p>\n\n\n\n<p>Est\u00e1 construido sobre <strong>suelo privado<\/strong> y financiado por Fiare y Triodos.<\/p>\n\n\n\n<p class=\"has-light-grey-background-color has-background\"><a rel=\"noreferrer noopener\" href=\"https:\/\/www.entrepatios.org\/\" target=\"_blank\">www.entrepatios.org<\/a><\/p>\n<\/div>\n<\/div>\n\n\n\n<h3 class=\"wp-block-heading\">La Borda<\/h3>\n\n\n\n<div class=\"wp-block-columns is-layout-flex wp-container-core-columns-is-layout-2 wp-block-columns-is-layout-flex\">\n<div class=\"wp-block-column is-layout-flow wp-block-column-is-layout-flow\">\n<div style=\"height:30px\" aria-hidden=\"true\" class=\"wp-block-spacer\"><\/div>\n\n\n\n<figure class=\"wp-block-image size-large\"><img decoding=\"async\" width=\"1024\" height=\"679\" src=\"https:\/\/cohabitem.org\/wp-content\/uploads\/2022\/10\/image-1-1024x679.png\" alt=\"\" class=\"wp-image-1403\" srcset=\"https:\/\/cohabitem.org\/wp-content\/uploads\/2022\/10\/image-1-1024x679.png 1024w, https:\/\/cohabitem.org\/wp-content\/uploads\/2022\/10\/image-1-300x199.png 300w, https:\/\/cohabitem.org\/wp-content\/uploads\/2022\/10\/image-1-768x509.png 768w, https:\/\/cohabitem.org\/wp-content\/uploads\/2022\/10\/image-1-18x12.png 18w, https:\/\/cohabitem.org\/wp-content\/uploads\/2022\/10\/image-1.png 1479w\" sizes=\"(max-width: 1024px) 100vw, 1024px\" \/><figcaption class=\"wp-element-caption\">Pasaje interior &#8211; foto: <a href=\"http:\/\/www.laborda.coop\/es\/\" target=\"_blank\" rel=\"noreferrer noopener\">La Borda<\/a><\/figcaption><\/figure>\n\n\n\n<p><\/p>\n<\/div>\n\n\n\n<div class=\"wp-block-column is-layout-flow wp-block-column-is-layout-flow\">\n<p>Uno de los primeros proyectos en Barcelona. Vivienda colaborativa <strong>intergeneracional<\/strong> en cesi\u00f3n de uso con 28 viviendas y espacios comunitarios, tambi\u00e9n construido buscando reducir su impacto y maximizar su eficiencia energ\u00e9tica. Habitado desde 2019.<\/p>\n\n\n\n<p>Est\u00e1 situado en un <strong>suelo p\u00fablico<\/strong> del Ayuntamiento de Barcelona, en derecho de superficie por 75 a\u00f1os. Financiado con una diversidad de mecanismos incluyendo pr\u00e9stamos de entidades financieras como Coop57, t\u00edtulos participativos, pr\u00e9stamos participativos y subvenciones.<\/p>\n\n\n\n<p class=\"has-light-grey-background-color has-background\"><a rel=\"noreferrer noopener\" href=\"http:\/\/www.laborda.coop\" target=\"_blank\">www.laborda.coop<\/a><\/p>\n<\/div>\n<\/div>\n\n\n\n<h3 class=\"wp-block-heading\">Trabensol<\/h3>\n\n\n\n<div class=\"wp-block-columns is-layout-flex wp-container-core-columns-is-layout-3 wp-block-columns-is-layout-flex\">\n<div class=\"wp-block-column is-layout-flow wp-block-column-is-layout-flow\">\n<div style=\"height:30px\" aria-hidden=\"true\" class=\"wp-block-spacer\"><\/div>\n\n\n\n<figure class=\"wp-block-image size-large\"><img decoding=\"async\" width=\"1024\" height=\"576\" src=\"https:\/\/cohabitem.org\/wp-content\/uploads\/2022\/10\/image-2-1024x576.png\" alt=\"\" class=\"wp-image-1404\" srcset=\"https:\/\/cohabitem.org\/wp-content\/uploads\/2022\/10\/image-2-1024x576.png 1024w, https:\/\/cohabitem.org\/wp-content\/uploads\/2022\/10\/image-2-300x169.png 300w, https:\/\/cohabitem.org\/wp-content\/uploads\/2022\/10\/image-2-768x432.png 768w, https:\/\/cohabitem.org\/wp-content\/uploads\/2022\/10\/image-2-18x10.png 18w, https:\/\/cohabitem.org\/wp-content\/uploads\/2022\/10\/image-2.png 1500w\" sizes=\"(max-width: 1024px) 100vw, 1024px\" \/><figcaption class=\"wp-element-caption\">Terrazas de los apartamentos y jardines &#8211; foto: <a rel=\"noreferrer noopener\" href=\"https:\/\/trabensol.org\" target=\"_blank\">Trabensol<\/a><\/figcaption><\/figure>\n<\/div>\n\n\n\n<div class=\"wp-block-column is-layout-flow wp-block-column-is-layout-flow\">\n<p>Uno de los proyectos pioneros de la cesi\u00f3n de uso y m\u00e1s conocidos en el estado espa\u00f1ol, lleva en funcionamiento desde el a\u00f1o 2013. Es un proyecto <strong>senior<\/strong>, pensado para personas mayores, cuenta con 54 apartamentos.<\/p>\n\n\n\n<p>Est\u00e1 situado sobre <strong>suelo privado<\/strong>. Aunque la propiedad es colectiva (de la cooperativa) y utilizan la cesi\u00f3n de uso como modo de acceso a la vivienda, en este caso la aportaci\u00f3n al capital cubre el total de la inversi\u00f3n y no se aplican cuotas de cesi\u00f3n de uso como en el modelo aqu\u00ed descrito.<\/p>\n\n\n\n<p class=\"has-light-grey-background-color has-background\"><a rel=\"noreferrer noopener\" href=\"https:\/\/trabensol.org\/\" target=\"_blank\">www.trabensol.org<\/a><\/p>\n<\/div>\n<\/div>\n\n\n\n<h3 class=\"wp-block-heading\">Y muchos m\u00e1s<\/h3>\n\n\n\n<p>Estos proyectos pretenden ser una peque\u00f1a muestra de la gran variedad existente en la actualidad. Se pueden conocer otros proyectos en diferentes fases de desarrollo a trav\u00e9s de varios mapeos existentes:<\/p>\n\n\n\n<ul class=\"wp-block-list\">\n<li><a rel=\"noreferrer noopener\" href=\"https:\/\/cohousingspain.org\/categoria-directorio\/comunidades-grupos-cohousing-espana\/\" target=\"_blank\">Cohousing Spain<\/a> (\u00e1mbito estatal)<\/li>\n\n\n\n<li><a rel=\"noreferrer noopener\" href=\"https:\/\/llargavista.coop\/\" target=\"_blank\">Llargavista<\/a> (\u00e1mbito Catalu\u00f1a)<\/li>\n\n\n\n<li><a rel=\"noreferrer noopener\" href=\"https:\/\/experience.arcgis.com\/experience\/21f036a19c87430b97ff21035f11a86a\/page\/P%C3%A1gina\/\" target=\"_blank\">Mapa de vivienda cooperativa en cesi\u00f3n de uso<\/a> (\u00e1mbito estatal) creado por REAS Vivienda + Alterhabitat<\/li>\n<\/ul>\n\n\n\n<p>Insertamos a continuaci\u00f3n este \u00faltimo:<\/p>\n\n\n\n<iframe loading=\"lazy\" width=\"100%\" height=\"700px\" src=\"https:\/\/experience.arcgis.com\/experience\/21f036a19c87430b97ff21035f11a86a\/page\/P%C3%A1gina\/\"><\/iframe>\n\n\n\n<div style=\"height:100px\" aria-hidden=\"true\" class=\"wp-block-spacer\"><\/div>","protected":false},"excerpt":{"rendered":"<p>Definici\u00f3n por tipolog\u00eda y funcionamiento: una forma de vivir Cesi\u00f3n de uso En el modelo de cesi\u00f3n de uso, la propiedad de la edificaci\u00f3n y las instalaciones es colectiva e indivisa: pertenecen a la cooperativa. La cooperativa cede el uso de las viviendas y los espacios comunes a las personas socias, que a cambio aportan [&hellip;]<\/p>","protected":false},"author":1,"featured_media":0,"parent":0,"menu_order":0,"comment_status":"closed","ping_status":"closed","template":"custom_slug_613888e4d0e71","meta":{"_themeisle_gutenberg_block_has_review":false,"footnotes":""},"class_list":["post-1111","page","type-page","status-publish","hentry"],"_links":{"self":[{"href":"https:\/\/cohabitem.org\/ca\/wp-json\/wp\/v2\/pages\/1111","targetHints":{"allow":["GET"]}}],"collection":[{"href":"https:\/\/cohabitem.org\/ca\/wp-json\/wp\/v2\/pages"}],"about":[{"href":"https:\/\/cohabitem.org\/ca\/wp-json\/wp\/v2\/types\/page"}],"author":[{"embeddable":true,"href":"https:\/\/cohabitem.org\/ca\/wp-json\/wp\/v2\/users\/1"}],"replies":[{"embeddable":true,"href":"https:\/\/cohabitem.org\/ca\/wp-json\/wp\/v2\/comments?post=1111"}],"version-history":[{"count":86,"href":"https:\/\/cohabitem.org\/ca\/wp-json\/wp\/v2\/pages\/1111\/revisions"}],"predecessor-version":[{"id":1626,"href":"https:\/\/cohabitem.org\/ca\/wp-json\/wp\/v2\/pages\/1111\/revisions\/1626"}],"wp:attachment":[{"href":"https:\/\/cohabitem.org\/ca\/wp-json\/wp\/v2\/media?parent=1111"}],"curies":[{"name":"wp","href":"https:\/\/api.w.org\/{rel}","templated":true}]}}