{"id":1490,"date":"2022-12-16T08:16:50","date_gmt":"2022-12-16T08:16:50","guid":{"rendered":"https:\/\/cohabitem.org\/?page_id=1490"},"modified":"2022-12-16T08:19:42","modified_gmt":"2022-12-16T08:19:42","slug":"resistir","status":"publish","type":"page","link":"https:\/\/cohabitem.org\/ca\/resistir\/","title":{"rendered":"Resistir"},"content":{"rendered":"<div id=\"wp-block-themeisle-blocks-advanced-columns-1596994c\" class=\"wp-block-themeisle-blocks-advanced-columns has-2-columns has-desktop-oneTwo-layout has-tablet-equal-layout has-mobile-collapsedRows-layout has-vertical-unset\"><div class=\"wp-block-themeisle-blocks-advanced-columns-overlay\"><\/div><div class=\"innerblocks-wrap\">\n<div id=\"wp-block-themeisle-blocks-advanced-column-c301b5c0\" class=\"wp-block-themeisle-blocks-advanced-column\">\n<h2 class=\"has-green-background-color has-background has-large-font-size wp-block-heading\" style=\"line-height:1\">Nombre completo<\/h2>\n<\/div>\n\n\n\n<div id=\"wp-block-themeisle-blocks-advanced-column-13d1062e\" class=\"wp-block-themeisle-blocks-advanced-column\">\n<p class=\"has-green-background-color has-background\">Resistir Cooperativa<\/p>\n<\/div>\n<\/div><\/div>\n\n\n\n<div id=\"wp-block-themeisle-blocks-advanced-columns-eecb52ec\" class=\"wp-block-themeisle-blocks-advanced-columns has-2-columns has-desktop-oneTwo-layout has-tablet-equal-layout has-mobile-collapsedRows-layout has-vertical-unset\"><div class=\"wp-block-themeisle-blocks-advanced-columns-overlay\"><\/div><div class=\"innerblocks-wrap\">\n<div id=\"wp-block-themeisle-blocks-advanced-column-de6510e4\" class=\"wp-block-themeisle-blocks-advanced-column\">\n<h2 class=\"has-text-align-left has-green-background-color has-background has-large-font-size wp-block-heading\" style=\"line-height:1\">Breu presentaci\u00f3<\/h2>\n<\/div>\n\n\n\n<div id=\"wp-block-themeisle-blocks-advanced-column-3d07d6cc\" class=\"wp-block-themeisle-blocks-advanced-column\">\n<p class=\"has-green-background-color has-background\">Envejecer entre amigos\u201d es el lema de Resistir Cooperativa, cuyo proyecto nace como respuesta a las nuevas necesidades sociales, surgidas fundamentalmente en el entorno de las personas mayores y cuyos principios son, entre otros: convivencia, independencia, participaci\u00f3n, integraci\u00f3n, solidaridad, confianza, sostenibilidad&#8230; Los proyectos estar\u00e1n integrados por entre 20 y 30 unidades habitacionales, en modelo de autogesti\u00f3n y cuya toma de decisiones son asumidas por los propios residentes.<\/p>\n<\/div>\n<\/div><\/div>\n\n\n\n<div id=\"wp-block-themeisle-blocks-advanced-columns-88f02834\" class=\"wp-block-themeisle-blocks-advanced-columns has-2-columns has-desktop-oneTwo-layout has-tablet-equal-layout has-mobile-collapsedRows-layout has-vertical-unset\"><div class=\"wp-block-themeisle-blocks-advanced-columns-overlay\"><\/div><div class=\"innerblocks-wrap\">\n<div id=\"wp-block-themeisle-blocks-advanced-column-31e9037c\" class=\"wp-block-themeisle-blocks-advanced-column\">\n<h2 class=\"has-text-align-left has-green-background-color has-background has-large-font-size wp-block-heading\" style=\"line-height:1\">P\u00e1gina web<\/h2>\n<\/div>\n\n\n\n<div id=\"wp-block-themeisle-blocks-advanced-column-c3e244e7\" class=\"wp-block-themeisle-blocks-advanced-column\">\n<p class=\"has-green-background-color has-background\"><a href=\"https:\/\/cooperativaresistir.es\" target=\"_blank\" rel=\"noreferrer noopener\">cooperativaresistir.es<\/a><\/p>\n<\/div>\n<\/div><\/div>\n\n\n\n<div id=\"wp-block-themeisle-blocks-advanced-columns-d75e02af\" class=\"wp-block-themeisle-blocks-advanced-columns alignwide has-2-columns has-desktop-equal-layout has-tablet-equal-layout has-mobile-collapsedRows-layout has-vertical-unset\"><div class=\"wp-block-themeisle-blocks-advanced-columns-overlay\"><\/div><div class=\"innerblocks-wrap\">\n<div id=\"wp-block-themeisle-blocks-advanced-column-eb7bf3bb\" class=\"wp-block-themeisle-blocks-advanced-column\"><\/div>\n\n\n\n<div id=\"wp-block-themeisle-blocks-advanced-column-48e9af64\" class=\"wp-block-themeisle-blocks-advanced-column\">\n<figure class=\"wp-block-image size-full is-resized\"><img decoding=\"async\" src=\"https:\/\/cohabitem.org\/wp-content\/uploads\/2022\/12\/FA6BFE18-56DE-42CD-930D-96A09FDE8640-marga-llorden.png\" alt=\"\" class=\"wp-image-1493\" width=\"638\" height=\"589\" srcset=\"https:\/\/cohabitem.org\/wp-content\/uploads\/2022\/12\/FA6BFE18-56DE-42CD-930D-96A09FDE8640-marga-llorden.png 638w, https:\/\/cohabitem.org\/wp-content\/uploads\/2022\/12\/FA6BFE18-56DE-42CD-930D-96A09FDE8640-marga-llorden-300x277.png 300w, https:\/\/cohabitem.org\/wp-content\/uploads\/2022\/12\/FA6BFE18-56DE-42CD-930D-96A09FDE8640-marga-llorden-13x12.png 13w\" sizes=\"(max-width: 638px) 100vw, 638px\" \/><\/figure>\n<\/div>\n<\/div><\/div>\n\n\n\n<div id=\"wp-block-themeisle-blocks-advanced-columns-f66a5852\" class=\"wp-block-themeisle-blocks-advanced-columns has-2-columns has-desktop-oneTwo-layout has-tablet-equal-layout has-mobile-collapsedRows-layout has-vertical-unset\"><div class=\"wp-block-themeisle-blocks-advanced-columns-overlay\"><\/div><div class=\"innerblocks-wrap\">\n<div id=\"wp-block-themeisle-blocks-advanced-column-fa84c544\" class=\"wp-block-themeisle-blocks-advanced-column\">\n<h2 class=\"has-text-align-left has-light-grey-background-color has-background has-large-font-size wp-block-heading\" style=\"line-height:1\">Ubicaci\u00f3n<\/h2>\n<\/div>\n\n\n\n<div id=\"wp-block-themeisle-blocks-advanced-column-f648ed47\" class=\"wp-block-themeisle-blocks-advanced-column\">\n<p class=\"has-background\" style=\"background-color:#f4f4f4\">Valencia, Godella y Port Sagunt<\/p>\n<\/div>\n<\/div><\/div>\n\n\n\n<div id=\"wp-block-themeisle-blocks-advanced-columns-d7340ace\" class=\"wp-block-themeisle-blocks-advanced-columns has-2-columns has-desktop-oneTwo-layout has-tablet-equal-layout has-mobile-collapsedRows-layout has-vertical-unset\"><div class=\"wp-block-themeisle-blocks-advanced-columns-overlay\"><\/div><div class=\"innerblocks-wrap\">\n<div id=\"wp-block-themeisle-blocks-advanced-column-26b6b34d\" class=\"wp-block-themeisle-blocks-advanced-column\">\n<h2 class=\"has-text-align-left has-light-grey-background-color has-background has-large-font-size wp-block-heading\" style=\"line-height:1\">Estado de desarrollo<\/h2>\n<\/div>\n\n\n\n<div id=\"wp-block-themeisle-blocks-advanced-column-184662df\" class=\"wp-block-themeisle-blocks-advanced-column\">\n<p class=\"has-background\" style=\"background-color:#f4f4f4\">Terreno en adquisici\u00f3n o adquirido<\/p>\n<\/div>\n<\/div><\/div>\n\n\n\n<div id=\"wp-block-themeisle-blocks-advanced-columns-da8ba048\" class=\"wp-block-themeisle-blocks-advanced-columns has-2-columns has-desktop-oneTwo-layout has-tablet-equal-layout has-mobile-collapsedRows-layout has-vertical-unset\"><div class=\"wp-block-themeisle-blocks-advanced-columns-overlay\"><\/div><div class=\"innerblocks-wrap\">\n<div id=\"wp-block-themeisle-blocks-advanced-column-c075d5c0\" class=\"wp-block-themeisle-blocks-advanced-column\">\n<h2 class=\"has-text-align-left has-light-grey-background-color has-background has-large-font-size wp-block-heading\" style=\"line-height:1\">Perfil demogr\u00e1fico<\/h2>\n<\/div>\n\n\n\n<div id=\"wp-block-themeisle-blocks-advanced-column-d08e0836\" class=\"wp-block-themeisle-blocks-advanced-column\">\n<p class=\"has-background\" style=\"background-color:#f4f4f4\">Intergeneracional<\/p>\n<\/div>\n<\/div><\/div>\n\n\n\n<div id=\"wp-block-themeisle-blocks-advanced-columns-6d778224\" class=\"wp-block-themeisle-blocks-advanced-columns has-2-columns has-desktop-oneTwo-layout has-tablet-equal-layout has-mobile-collapsedRows-layout has-vertical-unset\"><div class=\"wp-block-themeisle-blocks-advanced-columns-overlay\"><\/div><div class=\"innerblocks-wrap\">\n<div id=\"wp-block-themeisle-blocks-advanced-column-9a7aa280\" class=\"wp-block-themeisle-blocks-advanced-column\">\n<h2 class=\"has-text-align-left has-light-grey-background-color has-background has-large-font-size wp-block-heading\" style=\"line-height:1\">Forma jur\u00eddica<\/h2>\n<\/div>\n\n\n\n<div id=\"wp-block-themeisle-blocks-advanced-column-b41fd717\" class=\"wp-block-themeisle-blocks-advanced-column\">\n<p class=\"has-background\" style=\"background-color:#f4f4f4\">Cooperativa de vivienda<\/p>\n<\/div>\n<\/div><\/div>\n\n\n\n<div id=\"wp-block-themeisle-blocks-advanced-columns-c7368b23\" class=\"wp-block-themeisle-blocks-advanced-columns has-2-columns has-desktop-oneTwo-layout has-tablet-equal-layout has-mobile-collapsedRows-layout has-vertical-unset\"><div class=\"wp-block-themeisle-blocks-advanced-columns-overlay\"><\/div><div class=\"innerblocks-wrap\">\n<div id=\"wp-block-themeisle-blocks-advanced-column-7fbd3e24\" class=\"wp-block-themeisle-blocks-advanced-column\">\n<h2 class=\"has-text-align-left has-light-grey-background-color has-background has-large-font-size wp-block-heading\" style=\"line-height:1\">Tipo de suelo<\/h2>\n<\/div>\n\n\n\n<div id=\"wp-block-themeisle-blocks-advanced-column-e9298c2e\" class=\"wp-block-themeisle-blocks-advanced-column\">\n<p class=\"has-background\" style=\"background-color:#f4f4f4\">Privado o p\u00fablico en cesi\u00f3n de superficie<\/p>\n<\/div>\n<\/div><\/div>\n\n\n\n<div id=\"wp-block-themeisle-blocks-advanced-columns-ccb85cbb\" class=\"wp-block-themeisle-blocks-advanced-columns has-2-columns has-desktop-oneTwo-layout has-tablet-equal-layout has-mobile-collapsedRows-layout has-vertical-unset\"><div class=\"wp-block-themeisle-blocks-advanced-columns-overlay\"><\/div><div class=\"innerblocks-wrap\">\n<div id=\"wp-block-themeisle-blocks-advanced-column-909aa4f8\" class=\"wp-block-themeisle-blocks-advanced-column\">\n<h2 class=\"has-text-align-left has-light-grey-background-color has-background has-large-font-size wp-block-heading\" style=\"line-height:1\">Acompa\u00f1amiento<\/h2>\n<\/div>\n\n\n\n<div id=\"wp-block-themeisle-blocks-advanced-column-04d19bd7\" class=\"wp-block-themeisle-blocks-advanced-column\">\n<p class=\"has-background\" style=\"background-color:#f4f4f4\">FECOVI<\/p>\n<\/div>\n<\/div><\/div>\n\n\n\n<figure class=\"wp-block-image size-large is-resized\"><img decoding=\"async\" src=\"https:\/\/cohabitem.org\/wp-content\/uploads\/2022\/12\/IMG-20221213-WA0008-marga-llorden-1024x555.jpg\" alt=\"\" class=\"wp-image-1500\" width=\"1024\" height=\"555\" srcset=\"https:\/\/cohabitem.org\/wp-content\/uploads\/2022\/12\/IMG-20221213-WA0008-marga-llorden-1024x555.jpg 1024w, https:\/\/cohabitem.org\/wp-content\/uploads\/2022\/12\/IMG-20221213-WA0008-marga-llorden-300x163.jpg 300w, https:\/\/cohabitem.org\/wp-content\/uploads\/2022\/12\/IMG-20221213-WA0008-marga-llorden-768x416.jpg 768w, https:\/\/cohabitem.org\/wp-content\/uploads\/2022\/12\/IMG-20221213-WA0008-marga-llorden-18x10.jpg 18w, https:\/\/cohabitem.org\/wp-content\/uploads\/2022\/12\/IMG-20221213-WA0008-marga-llorden.jpg 1328w\" sizes=\"(max-width: 1024px) 100vw, 1024px\" \/><\/figure>\n\n\n\n<figure class=\"wp-block-image size-large\"><img decoding=\"async\" width=\"1024\" height=\"768\" src=\"https:\/\/cohabitem.org\/wp-content\/uploads\/2022\/12\/IMG_0108-marga-llorden-1024x768.jpg\" alt=\"\" class=\"wp-image-1502\" srcset=\"https:\/\/cohabitem.org\/wp-content\/uploads\/2022\/12\/IMG_0108-marga-llorden-1024x768.jpg 1024w, https:\/\/cohabitem.org\/wp-content\/uploads\/2022\/12\/IMG_0108-marga-llorden-300x225.jpg 300w, https:\/\/cohabitem.org\/wp-content\/uploads\/2022\/12\/IMG_0108-marga-llorden-768x576.jpg 768w, https:\/\/cohabitem.org\/wp-content\/uploads\/2022\/12\/IMG_0108-marga-llorden-1536x1152.jpg 1536w, https:\/\/cohabitem.org\/wp-content\/uploads\/2022\/12\/IMG_0108-marga-llorden-16x12.jpg 16w, https:\/\/cohabitem.org\/wp-content\/uploads\/2022\/12\/IMG_0108-marga-llorden-1568x1176.jpg 1568w, https:\/\/cohabitem.org\/wp-content\/uploads\/2022\/12\/IMG_0108-marga-llorden.jpg 2000w\" sizes=\"(max-width: 1024px) 100vw, 1024px\" \/><\/figure>\n\n\n\n<div style=\"height:100px\" aria-hidden=\"true\" class=\"wp-block-spacer\"><\/div>","protected":false},"excerpt":{"rendered":"","protected":false},"author":1,"featured_media":1492,"parent":0,"menu_order":0,"comment_status":"closed","ping_status":"closed","template":"","meta":{"_themeisle_gutenberg_block_has_review":false,"footnotes":""},"class_list":["post-1490","page","type-page","status-publish","has-post-thumbnail","hentry"],"_links":{"self":[{"href":"https:\/\/cohabitem.org\/ca\/wp-json\/wp\/v2\/pages\/1490","targetHints":{"allow":["GET"]}}],"collection":[{"href":"https:\/\/cohabitem.org\/ca\/wp-json\/wp\/v2\/pages"}],"about":[{"href":"https:\/\/cohabitem.org\/ca\/wp-json\/wp\/v2\/types\/page"}],"author":[{"embeddable":true,"href":"https:\/\/cohabitem.org\/ca\/wp-json\/wp\/v2\/users\/1"}],"replies":[{"embeddable":true,"href":"https:\/\/cohabitem.org\/ca\/wp-json\/wp\/v2\/comments?post=1490"}],"version-history":[{"count":10,"href":"https:\/\/cohabitem.org\/ca\/wp-json\/wp\/v2\/pages\/1490\/revisions"}],"predecessor-version":[{"id":1504,"href":"https:\/\/cohabitem.org\/ca\/wp-json\/wp\/v2\/pages\/1490\/revisions\/1504"}],"wp:featuredmedia":[{"embeddable":true,"href":"https:\/\/cohabitem.org\/ca\/wp-json\/wp\/v2\/media\/1492"}],"wp:attachment":[{"href":"https:\/\/cohabitem.org\/ca\/wp-json\/wp\/v2\/media?parent=1490"}],"curies":[{"name":"wp","href":"https:\/\/api.w.org\/{rel}","templated":true}]}}