{"id":993,"date":"2021-10-17T23:30:45","date_gmt":"2021-10-17T23:30:45","guid":{"rendered":"https:\/\/cohabitem.org\/?page_id=993"},"modified":"2024-09-26T14:34:17","modified_gmt":"2024-09-26T14:34:17","slug":"agora","status":"publish","type":"page","link":"https:\/\/cohabitem.org\/ca\/agora\/","title":{"rendered":"\u00c1gora"},"content":{"rendered":"<div id=\"wp-block-themeisle-blocks-advanced-columns-1596994c\" class=\"wp-block-themeisle-blocks-advanced-columns has-2-columns has-desktop-oneTwo-layout has-tablet-equal-layout has-mobile-collapsedRows-layout has-vertical-unset\"><div class=\"wp-block-themeisle-blocks-advanced-columns-overlay\"><\/div><div class=\"innerblocks-wrap\">\n<div id=\"wp-block-themeisle-blocks-advanced-column-c301b5c0\" class=\"wp-block-themeisle-blocks-advanced-column\">\n<h2 class=\"wp-block-heading has-green-background-color has-background has-large-font-size\" style=\"line-height:1\">Nombre completo<\/h2>\n<\/div>\n\n\n\n<div id=\"wp-block-themeisle-blocks-advanced-column-13d1062e\" class=\"wp-block-themeisle-blocks-advanced-column\">\n<p class=\"has-green-background-color has-background\">\u00c1gora Vivienda Colaborativa<\/p>\n<\/div>\n<\/div><\/div>\n\n\n\n<div id=\"wp-block-themeisle-blocks-advanced-columns-eecb52ec\" class=\"wp-block-themeisle-blocks-advanced-columns has-2-columns has-desktop-oneTwo-layout has-tablet-equal-layout has-mobile-collapsedRows-layout has-vertical-unset\"><div class=\"wp-block-themeisle-blocks-advanced-columns-overlay\"><\/div><div class=\"innerblocks-wrap\">\n<div id=\"wp-block-themeisle-blocks-advanced-column-de6510e4\" class=\"wp-block-themeisle-blocks-advanced-column\">\n<h2 class=\"wp-block-heading has-text-align-left has-green-background-color has-background has-large-font-size\" style=\"line-height:1\">Breu presentaci\u00f3<\/h2>\n<\/div>\n\n\n\n<div id=\"wp-block-themeisle-blocks-advanced-column-3d07d6cc\" class=\"wp-block-themeisle-blocks-advanced-column\">\n<p class=\"has-green-background-color has-background\">17 Unidades de Convivencia trabajan en su Marco de Convivencia, una vez co-creado su propio Proyecto de Vida Cohousing, que garantiza su privacidad y autonom\u00eda en viviendas con derecho de uso y su mutuo apoyo en los servicios comunes dise\u00f1ados, tanto en el edificio dedicado a ellos como en el espacio al aire libre. El trabajo interno de aprendizaje en Sociocracia, Comunidades del Bien Com\u00fan, Cohesi\u00f3n Emocional Comunitaria y Bienestar y Salud, garantiza su cohesi\u00f3n y bienestar futuros.<\/p>\n<\/div>\n<\/div><\/div>\n\n\n\n<div id=\"wp-block-themeisle-blocks-advanced-columns-88f02834\" class=\"wp-block-themeisle-blocks-advanced-columns has-2-columns has-desktop-oneTwo-layout has-tablet-equal-layout has-mobile-collapsedRows-layout has-vertical-unset\"><div class=\"wp-block-themeisle-blocks-advanced-columns-overlay\"><\/div><div class=\"innerblocks-wrap\">\n<div id=\"wp-block-themeisle-blocks-advanced-column-31e9037c\" class=\"wp-block-themeisle-blocks-advanced-column\">\n<h2 class=\"wp-block-heading has-text-align-left has-green-background-color has-background has-large-font-size\" style=\"line-height:1\">P\u00e1gina web<\/h2>\n<\/div>\n\n\n\n<div id=\"wp-block-themeisle-blocks-advanced-column-c3e244e7\" class=\"wp-block-themeisle-blocks-advanced-column\">\n<p class=\"has-green-background-color has-background\"><a href=\"https:\/\/bit.ly\/FBookAgora\" data-type=\"link\" data-id=\"https:\/\/bit.ly\/FBookAgora\">https:\/\/bit.ly\/FBookAgora<\/a><\/p>\n<\/div>\n<\/div><\/div>\n\n\n\n<div id=\"wp-block-themeisle-blocks-advanced-columns-d75e02af\" class=\"wp-block-themeisle-blocks-advanced-columns alignfull has-2-columns has-desktop-equal-layout has-tablet-equal-layout has-mobile-collapsedRows-layout has-vertical-unset\"><div class=\"wp-block-themeisle-blocks-advanced-columns-overlay\"><\/div><div class=\"innerblocks-wrap\">\n<div id=\"wp-block-themeisle-blocks-advanced-column-eb7bf3bb\" class=\"wp-block-themeisle-blocks-advanced-column\">\n<figure class=\"wp-block-image size-large\"><img decoding=\"async\" width=\"1600\" height=\"900\" src=\"https:\/\/cohabitem.org\/wp-content\/uploads\/2021\/10\/Cam2_Dsd_Cubierta_CComun-Prudencio-Lopez-edited.jpg\" alt=\"\" class=\"wp-image-1084\" srcset=\"https:\/\/cohabitem.org\/wp-content\/uploads\/2021\/10\/Cam2_Dsd_Cubierta_CComun-Prudencio-Lopez-edited.jpg 1600w, https:\/\/cohabitem.org\/wp-content\/uploads\/2021\/10\/Cam2_Dsd_Cubierta_CComun-Prudencio-Lopez-edited-300x169.jpg 300w, https:\/\/cohabitem.org\/wp-content\/uploads\/2021\/10\/Cam2_Dsd_Cubierta_CComun-Prudencio-Lopez-edited-1024x576.jpg 1024w, https:\/\/cohabitem.org\/wp-content\/uploads\/2021\/10\/Cam2_Dsd_Cubierta_CComun-Prudencio-Lopez-edited-768x432.jpg 768w, https:\/\/cohabitem.org\/wp-content\/uploads\/2021\/10\/Cam2_Dsd_Cubierta_CComun-Prudencio-Lopez-edited-1536x864.jpg 1536w, https:\/\/cohabitem.org\/wp-content\/uploads\/2021\/10\/Cam2_Dsd_Cubierta_CComun-Prudencio-Lopez-edited-18x10.jpg 18w, https:\/\/cohabitem.org\/wp-content\/uploads\/2021\/10\/Cam2_Dsd_Cubierta_CComun-Prudencio-Lopez-edited-1568x882.jpg 1568w\" sizes=\"(max-width: 1600px) 100vw, 1600px\" \/><\/figure>\n<\/div>\n\n\n\n<div id=\"wp-block-themeisle-blocks-advanced-column-48e9af64\" class=\"wp-block-themeisle-blocks-advanced-column\">\n<figure class=\"wp-block-image size-large is-resized\"><img decoding=\"async\" width=\"1600\" height=\"899\" src=\"https:\/\/cohabitem.org\/wp-content\/uploads\/2021\/10\/Cam4_Picado_dsd_Norte-Prudencio-Lopez-edited.jpg\" alt=\"\" class=\"wp-image-1083\" style=\"width:696px;height:401px\" srcset=\"https:\/\/cohabitem.org\/wp-content\/uploads\/2021\/10\/Cam4_Picado_dsd_Norte-Prudencio-Lopez-edited.jpg 1600w, https:\/\/cohabitem.org\/wp-content\/uploads\/2021\/10\/Cam4_Picado_dsd_Norte-Prudencio-Lopez-edited-300x169.jpg 300w, https:\/\/cohabitem.org\/wp-content\/uploads\/2021\/10\/Cam4_Picado_dsd_Norte-Prudencio-Lopez-edited-1024x575.jpg 1024w, https:\/\/cohabitem.org\/wp-content\/uploads\/2021\/10\/Cam4_Picado_dsd_Norte-Prudencio-Lopez-edited-768x432.jpg 768w, https:\/\/cohabitem.org\/wp-content\/uploads\/2021\/10\/Cam4_Picado_dsd_Norte-Prudencio-Lopez-edited-1536x863.jpg 1536w, https:\/\/cohabitem.org\/wp-content\/uploads\/2021\/10\/Cam4_Picado_dsd_Norte-Prudencio-Lopez-edited-18x10.jpg 18w, https:\/\/cohabitem.org\/wp-content\/uploads\/2021\/10\/Cam4_Picado_dsd_Norte-Prudencio-Lopez-edited-1568x881.jpg 1568w\" sizes=\"(max-width: 1600px) 100vw, 1600px\" \/><\/figure>\n<\/div>\n<\/div><\/div>\n\n\n\n<div id=\"wp-block-themeisle-blocks-advanced-columns-f66a5852\" class=\"wp-block-themeisle-blocks-advanced-columns has-2-columns has-desktop-oneTwo-layout has-tablet-equal-layout has-mobile-collapsedRows-layout has-vertical-unset\"><div class=\"wp-block-themeisle-blocks-advanced-columns-overlay\"><\/div><div class=\"innerblocks-wrap\">\n<div id=\"wp-block-themeisle-blocks-advanced-column-fa84c544\" class=\"wp-block-themeisle-blocks-advanced-column\">\n<h2 class=\"wp-block-heading has-text-align-left has-light-grey-background-color has-background has-large-font-size\" style=\"line-height:1\">Ubicaci\u00f3n<\/h2>\n<\/div>\n\n\n\n<div id=\"wp-block-themeisle-blocks-advanced-column-f648ed47\" class=\"wp-block-themeisle-blocks-advanced-column\">\n<p class=\"has-background\" style=\"background-color:#f4f4f4\">Alicante<\/p>\n<\/div>\n<\/div><\/div>\n\n\n\n<div id=\"wp-block-themeisle-blocks-advanced-columns-afb38280\" class=\"wp-block-themeisle-blocks-advanced-columns has-2-columns has-desktop-oneTwo-layout has-tablet-equal-layout has-mobile-collapsedRows-layout has-vertical-unset\"><div class=\"wp-block-themeisle-blocks-advanced-columns-overlay\"><\/div><div class=\"innerblocks-wrap\">\n<div id=\"wp-block-themeisle-blocks-advanced-column-e28dc00c\" class=\"wp-block-themeisle-blocks-advanced-column\"><\/div>\n\n\n\n<div id=\"wp-block-themeisle-blocks-advanced-column-ddf141c4\" class=\"wp-block-themeisle-blocks-advanced-column\"><div style=\"height:400pxpx;\" class=\"wp-block-themeisle-blocks-leaflet-map\" id=\"wp-block-themeisle-blocks-leaflet-map-787dfad6\"><\/div>\n<script type=\"text\/javascript\">\n\t\/* <![CDATA[ *\/\n\t\tif ( ! window.themeisleLeafletMaps ) window.themeisleLeafletMaps =[];\n\t\twindow.themeisleLeafletMaps.push( { container: \"wp-block-themeisle-blocks-leaflet-map-787dfad6\", attributes: {\"id\":\"wp-block-themeisle-blocks-leaflet-map-787dfad6\",\"latitude\":\"38.30499582349328\",\"longitude\":\"-0.5536454916000367\",\"bbox\":\"-0.5557000637054444,38.304153902887634,-0.5515855550765992,38.305837734326936\",\"zoom\":18,\"markers\":[{\"id\":\"5ee98cf9-eb9c-472a-83b3-5ad8f9fcc2dc\",\"latitude\":38.36572553302472243785814498551189899444580078125,\"longitude\":-0.50380901919676113198676148385857231914997100830078125,\"title\":\"Add a title\",\"description\":\"\"}],\"location\":\"La Sagrada Familia, Barcelona, Spain\",\"height\":\"400px\",\"zoomControl\":true,\"draggable\":true,\"hasCustomCSS\":false,\"customCSS\":\"\",\"TrpContentRestriction\":{\"restriction_type\":\"exclude\",\"selected_languages\":[],\"panel_open\":true},\"otterConditions\":[]} } );\n\t\/* ]]> *\/\n<\/script>\n<\/div>\n<\/div><\/div>\n\n\n\n<div id=\"wp-block-themeisle-blocks-advanced-columns-d7340ace\" class=\"wp-block-themeisle-blocks-advanced-columns has-2-columns has-desktop-oneTwo-layout has-tablet-equal-layout has-mobile-collapsedRows-layout has-vertical-unset\"><div class=\"wp-block-themeisle-blocks-advanced-columns-overlay\"><\/div><div class=\"innerblocks-wrap\">\n<div id=\"wp-block-themeisle-blocks-advanced-column-26b6b34d\" class=\"wp-block-themeisle-blocks-advanced-column\">\n<h2 class=\"wp-block-heading has-text-align-left has-light-grey-background-color has-background has-large-font-size\" style=\"line-height:1\">Estado de desarrollo<\/h2>\n<\/div>\n\n\n\n<div id=\"wp-block-themeisle-blocks-advanced-column-184662df\" class=\"wp-block-themeisle-blocks-advanced-column\">\n<p class=\"has-background\" style=\"background-color:#f4f4f4\">Instalaciones en proyecto o construcci\u00f3n<\/p>\n<\/div>\n<\/div><\/div>\n\n\n\n<div id=\"wp-block-themeisle-blocks-advanced-columns-da8ba048\" class=\"wp-block-themeisle-blocks-advanced-columns has-2-columns has-desktop-oneTwo-layout has-tablet-equal-layout has-mobile-collapsedRows-layout has-vertical-unset\"><div class=\"wp-block-themeisle-blocks-advanced-columns-overlay\"><\/div><div class=\"innerblocks-wrap\">\n<div id=\"wp-block-themeisle-blocks-advanced-column-c075d5c0\" class=\"wp-block-themeisle-blocks-advanced-column\">\n<h2 class=\"wp-block-heading has-text-align-left has-light-grey-background-color has-background has-large-font-size\" style=\"line-height:1\">Perfil demogr\u00e1fico<\/h2>\n<\/div>\n\n\n\n<div id=\"wp-block-themeisle-blocks-advanced-column-d08e0836\" class=\"wp-block-themeisle-blocks-advanced-column\">\n<p class=\"has-background\" style=\"background-color:#f4f4f4\">Intergeneracional<\/p>\n<\/div>\n<\/div><\/div>\n\n\n\n<div id=\"wp-block-themeisle-blocks-advanced-columns-6d778224\" class=\"wp-block-themeisle-blocks-advanced-columns has-2-columns has-desktop-oneTwo-layout has-tablet-equal-layout has-mobile-collapsedRows-layout has-vertical-unset\"><div class=\"wp-block-themeisle-blocks-advanced-columns-overlay\"><\/div><div class=\"innerblocks-wrap\">\n<div id=\"wp-block-themeisle-blocks-advanced-column-9a7aa280\" class=\"wp-block-themeisle-blocks-advanced-column\">\n<h2 class=\"wp-block-heading has-text-align-left has-light-grey-background-color has-background has-large-font-size\" style=\"line-height:1\">Forma jur\u00eddica<\/h2>\n<\/div>\n\n\n\n<div id=\"wp-block-themeisle-blocks-advanced-column-b41fd717\" class=\"wp-block-themeisle-blocks-advanced-column\">\n<p class=\"has-background\" style=\"background-color:#f4f4f4\">Cooperativa de vivienda<\/p>\n<\/div>\n<\/div><\/div>\n\n\n\n<div id=\"wp-block-themeisle-blocks-advanced-columns-c7368b23\" class=\"wp-block-themeisle-blocks-advanced-columns has-2-columns has-desktop-oneTwo-layout has-tablet-equal-layout has-mobile-collapsedRows-layout has-vertical-unset\"><div class=\"wp-block-themeisle-blocks-advanced-columns-overlay\"><\/div><div class=\"innerblocks-wrap\">\n<div id=\"wp-block-themeisle-blocks-advanced-column-7fbd3e24\" class=\"wp-block-themeisle-blocks-advanced-column\">\n<h2 class=\"wp-block-heading has-text-align-left has-light-grey-background-color has-background has-large-font-size\" style=\"line-height:1\">Tipo de suelo<\/h2>\n<\/div>\n\n\n\n<div id=\"wp-block-themeisle-blocks-advanced-column-e9298c2e\" class=\"wp-block-themeisle-blocks-advanced-column\">\n<p class=\"has-background\" style=\"background-color:#f4f4f4\">P\u00fablico, en cesi\u00f3n de superficie<\/p>\n<\/div>\n<\/div><\/div>\n\n\n\n<div id=\"wp-block-themeisle-blocks-advanced-columns-ccb85cbb\" class=\"wp-block-themeisle-blocks-advanced-columns has-2-columns has-desktop-oneTwo-layout has-tablet-equal-layout has-mobile-collapsedRows-layout has-vertical-unset\"><div class=\"wp-block-themeisle-blocks-advanced-columns-overlay\"><\/div><div class=\"innerblocks-wrap\">\n<div id=\"wp-block-themeisle-blocks-advanced-column-909aa4f8\" class=\"wp-block-themeisle-blocks-advanced-column\">\n<h2 class=\"wp-block-heading has-text-align-left has-light-grey-background-color has-background has-large-font-size\" style=\"line-height:1\">Acompa\u00f1amiento<\/h2>\n<\/div>\n\n\n\n<div id=\"wp-block-themeisle-blocks-advanced-column-04d19bd7\" class=\"wp-block-themeisle-blocks-advanced-column\">\n<p class=\"has-background\" style=\"background-color:#f4f4f4\">&#8211;<\/p>\n<\/div>\n<\/div><\/div>\n\n\n\n<div id=\"wp-block-themeisle-blocks-advanced-columns-7fd8ad91\" class=\"wp-block-themeisle-blocks-advanced-columns alignfull has-1-columns has-desktop-equal-layout has-tablet-equal-layout has-mobile-equal-layout has-vertical-unset\"><div class=\"wp-block-themeisle-blocks-advanced-columns-overlay\"><\/div><div class=\"innerblocks-wrap\">\n<div id=\"wp-block-themeisle-blocks-advanced-column-bbecee42\" class=\"wp-block-themeisle-blocks-advanced-column\"><\/div>\n<\/div><\/div>\n\n\n\n<div style=\"height:100px\" aria-hidden=\"true\" class=\"wp-block-spacer\"><\/div>","protected":false},"excerpt":{"rendered":"","protected":false},"author":1,"featured_media":1206,"parent":0,"menu_order":0,"comment_status":"closed","ping_status":"closed","template":"","meta":{"_themeisle_gutenberg_block_has_review":false,"footnotes":""},"class_list":["post-993","page","type-page","status-publish","has-post-thumbnail","hentry"],"_links":{"self":[{"href":"https:\/\/cohabitem.org\/ca\/wp-json\/wp\/v2\/pages\/993","targetHints":{"allow":["GET"]}}],"collection":[{"href":"https:\/\/cohabitem.org\/ca\/wp-json\/wp\/v2\/pages"}],"about":[{"href":"https:\/\/cohabitem.org\/ca\/wp-json\/wp\/v2\/types\/page"}],"author":[{"embeddable":true,"href":"https:\/\/cohabitem.org\/ca\/wp-json\/wp\/v2\/users\/1"}],"replies":[{"embeddable":true,"href":"https:\/\/cohabitem.org\/ca\/wp-json\/wp\/v2\/comments?post=993"}],"version-history":[{"count":24,"href":"https:\/\/cohabitem.org\/ca\/wp-json\/wp\/v2\/pages\/993\/revisions"}],"predecessor-version":[{"id":1630,"href":"https:\/\/cohabitem.org\/ca\/wp-json\/wp\/v2\/pages\/993\/revisions\/1630"}],"wp:featuredmedia":[{"embeddable":true,"href":"https:\/\/cohabitem.org\/ca\/wp-json\/wp\/v2\/media\/1206"}],"wp:attachment":[{"href":"https:\/\/cohabitem.org\/ca\/wp-json\/wp\/v2\/media?parent=993"}],"curies":[{"name":"wp","href":"https:\/\/api.w.org\/{rel}","templated":true}]}}