{"id":1037,"date":"2021-10-18T21:12:28","date_gmt":"2021-10-18T21:12:28","guid":{"rendered":"https:\/\/cohabitem.org\/?page_id=1037"},"modified":"2021-10-18T21:20:34","modified_gmt":"2021-10-18T21:20:34","slug":"vacaciones-permanentes","status":"publish","type":"page","link":"https:\/\/cohabitem.org\/es\/vacaciones-permanentes\/","title":{"rendered":"Vacaciones Permanentes"},"content":{"rendered":"\n<div class=\"wp-block-themeisle-blocks-advanced-columns has-2-columns has-desktop-oneTwo-layout has-tablet-equal-layout has-mobile-collapsedRows-layout has-default-gap has-vertical-unset\" id=\"wp-block-themeisle-blocks-advanced-columns-1596994c\"><div class=\"wp-block-themeisle-blocks-advanced-columns-overlay\"><\/div><div class=\"innerblocks-wrap\">\n<div class=\"wp-block-themeisle-blocks-advanced-column\" id=\"wp-block-themeisle-blocks-advanced-column-c301b5c0\">\n<h2 class=\"has-green-background-color has-background has-large-font-size wp-block-heading\" style=\"line-height:1\">Nombre completo<\/h2>\n<\/div>\n\n\n\n<div class=\"wp-block-themeisle-blocks-advanced-column\" id=\"wp-block-themeisle-blocks-advanced-column-13d1062e\">\n<p class=\"has-green-background-color has-background\">Vacaciones Permanentes Coop. V.<\/p>\n<\/div>\n<\/div><\/div>\n\n\n\n<div class=\"wp-block-themeisle-blocks-advanced-columns has-2-columns has-desktop-oneTwo-layout has-tablet-equal-layout has-mobile-collapsedRows-layout has-default-gap has-vertical-unset\" id=\"wp-block-themeisle-blocks-advanced-columns-eecb52ec\"><div class=\"wp-block-themeisle-blocks-advanced-columns-overlay\"><\/div><div class=\"innerblocks-wrap\">\n<div class=\"wp-block-themeisle-blocks-advanced-column\" id=\"wp-block-themeisle-blocks-advanced-column-de6510e4\">\n<h2 class=\"has-text-align-left has-green-background-color has-background has-large-font-size wp-block-heading\" style=\"line-height:1\">Breve presentaci\u00f3n<\/h2>\n<\/div>\n\n\n\n<div class=\"wp-block-themeisle-blocks-advanced-column\" id=\"wp-block-themeisle-blocks-advanced-column-3d07d6cc\">\n<p class=\"has-green-background-color has-background\">Vacaciones Permanentes surge de la idea de un grupo de amigos a los que nos gustar\u00eda disfrutar en compa\u00f1\u00eda y de una forma activa la siguiente etapa de nuestra vida. Envejecer juntos es nuestro lema, y queremos llevarlo a cabo a trav\u00e9s de este proyecto dirigido a mejorar la vida cotidiana, en un modelo residencial basado en la colaboraci\u00f3n, la solidaridad y la autogesti\u00f3n.<\/p>\n<\/div>\n<\/div><\/div>\n\n\n\n<div class=\"wp-block-themeisle-blocks-advanced-columns has-2-columns has-desktop-oneTwo-layout has-tablet-equal-layout has-mobile-collapsedRows-layout has-default-gap has-vertical-unset\" id=\"wp-block-themeisle-blocks-advanced-columns-88f02834\"><div class=\"wp-block-themeisle-blocks-advanced-columns-overlay\"><\/div><div class=\"innerblocks-wrap\">\n<div class=\"wp-block-themeisle-blocks-advanced-column\" id=\"wp-block-themeisle-blocks-advanced-column-31e9037c\">\n<h2 class=\"has-text-align-left has-green-background-color has-background has-large-font-size wp-block-heading\" style=\"line-height:1\">P\u00e1gina web<\/h2>\n<\/div>\n\n\n\n<div class=\"wp-block-themeisle-blocks-advanced-column\" id=\"wp-block-themeisle-blocks-advanced-column-c3e244e7\">\n<p class=\"has-green-background-color has-background\"><a href=\"http:\/\/www.residencialvacacionespermanentes.es\" target=\"_blank\" rel=\"noreferrer noopener\">residencialvacacionespermanentes.es<\/a><\/p>\n<\/div>\n<\/div><\/div>\n\n\n\n<div class=\"wp-block-themeisle-blocks-advanced-columns alignfull has-1-columns has-desktop-equal-layout has-tablet-equal-layout has-mobile-equal-layout has-default-gap has-vertical-unset\" id=\"wp-block-themeisle-blocks-advanced-columns-63a07e8e\"><div class=\"wp-block-themeisle-blocks-advanced-columns-overlay\"><\/div><div class=\"innerblocks-wrap\">\n<div class=\"wp-block-themeisle-blocks-advanced-column\" id=\"wp-block-themeisle-blocks-advanced-column-2ef5f073\"><\/div>\n<\/div><\/div>\n\n\n\n<div class=\"wp-block-themeisle-blocks-advanced-columns has-2-columns has-desktop-oneTwo-layout has-tablet-equal-layout has-mobile-collapsedRows-layout has-default-gap has-vertical-unset\" id=\"wp-block-themeisle-blocks-advanced-columns-f66a5852\"><div class=\"wp-block-themeisle-blocks-advanced-columns-overlay\"><\/div><div class=\"innerblocks-wrap\">\n<div class=\"wp-block-themeisle-blocks-advanced-column\" id=\"wp-block-themeisle-blocks-advanced-column-fa84c544\">\n<h2 class=\"has-text-align-left has-light-grey-background-color has-background has-large-font-size wp-block-heading\" style=\"line-height:1\">Ubicaci\u00f3n<\/h2>\n<\/div>\n\n\n\n<div class=\"wp-block-themeisle-blocks-advanced-column\" id=\"wp-block-themeisle-blocks-advanced-column-f648ed47\">\n<p class=\"has-background\" style=\"background-color:#f4f4f4\">Pendiente<\/p>\n<\/div>\n<\/div><\/div>\n\n\n\n<div class=\"wp-block-themeisle-blocks-advanced-columns has-2-columns has-desktop-oneTwo-layout has-tablet-equal-layout has-mobile-collapsedRows-layout has-default-gap has-vertical-unset\" id=\"wp-block-themeisle-blocks-advanced-columns-d7340ace\"><div class=\"wp-block-themeisle-blocks-advanced-columns-overlay\"><\/div><div class=\"innerblocks-wrap\">\n<div class=\"wp-block-themeisle-blocks-advanced-column\" id=\"wp-block-themeisle-blocks-advanced-column-26b6b34d\">\n<h2 class=\"has-text-align-left has-light-grey-background-color has-background has-large-font-size wp-block-heading\" style=\"line-height:1\">Estado de desarrollo<\/h2>\n<\/div>\n\n\n\n<div class=\"wp-block-themeisle-blocks-advanced-column\" id=\"wp-block-themeisle-blocks-advanced-column-184662df\">\n<p class=\"has-background\" style=\"background-color:#f4f4f4\">Terreno en adquisici\u00f3n<\/p>\n<\/div>\n<\/div><\/div>\n\n\n\n<div class=\"wp-block-themeisle-blocks-advanced-columns has-2-columns has-desktop-oneTwo-layout has-tablet-equal-layout has-mobile-collapsedRows-layout has-default-gap has-vertical-unset\" id=\"wp-block-themeisle-blocks-advanced-columns-da8ba048\"><div class=\"wp-block-themeisle-blocks-advanced-columns-overlay\"><\/div><div class=\"innerblocks-wrap\">\n<div class=\"wp-block-themeisle-blocks-advanced-column\" id=\"wp-block-themeisle-blocks-advanced-column-c075d5c0\">\n<h2 class=\"has-text-align-left has-light-grey-background-color has-background has-large-font-size wp-block-heading\" style=\"line-height:1\">Perfil demogr\u00e1fico<\/h2>\n<\/div>\n\n\n\n<div class=\"wp-block-themeisle-blocks-advanced-column\" id=\"wp-block-themeisle-blocks-advanced-column-d08e0836\">\n<p class=\"has-background\" style=\"background-color:#f4f4f4\">S\u00e9nior<\/p>\n<\/div>\n<\/div><\/div>\n\n\n\n<div class=\"wp-block-themeisle-blocks-advanced-columns has-2-columns has-desktop-oneTwo-layout has-tablet-equal-layout has-mobile-collapsedRows-layout has-default-gap has-vertical-unset\" id=\"wp-block-themeisle-blocks-advanced-columns-6d778224\"><div class=\"wp-block-themeisle-blocks-advanced-columns-overlay\"><\/div><div class=\"innerblocks-wrap\">\n<div class=\"wp-block-themeisle-blocks-advanced-column\" id=\"wp-block-themeisle-blocks-advanced-column-9a7aa280\">\n<h2 class=\"has-text-align-left has-light-grey-background-color has-background has-large-font-size wp-block-heading\" style=\"line-height:1\">Forma jur\u00eddica<\/h2>\n<\/div>\n\n\n\n<div class=\"wp-block-themeisle-blocks-advanced-column\" id=\"wp-block-themeisle-blocks-advanced-column-b41fd717\">\n<p class=\"has-background\" style=\"background-color:#f4f4f4\">Cooperativa de vivienda<\/p>\n<\/div>\n<\/div><\/div>\n\n\n\n<div class=\"wp-block-themeisle-blocks-advanced-columns has-2-columns has-desktop-oneTwo-layout has-tablet-equal-layout has-mobile-collapsedRows-layout has-default-gap has-vertical-unset\" id=\"wp-block-themeisle-blocks-advanced-columns-c7368b23\"><div class=\"wp-block-themeisle-blocks-advanced-columns-overlay\"><\/div><div class=\"innerblocks-wrap\">\n<div class=\"wp-block-themeisle-blocks-advanced-column\" id=\"wp-block-themeisle-blocks-advanced-column-7fbd3e24\">\n<h2 class=\"has-text-align-left has-light-grey-background-color has-background has-large-font-size wp-block-heading\" style=\"line-height:1\">Tipo de suelo<\/h2>\n<\/div>\n\n\n\n<div class=\"wp-block-themeisle-blocks-advanced-column\" id=\"wp-block-themeisle-blocks-advanced-column-e9298c2e\">\n<p class=\"has-background\" style=\"background-color:#f4f4f4\">Privado, en propiedad cooperativa<\/p>\n<\/div>\n<\/div><\/div>\n\n\n\n<div class=\"wp-block-themeisle-blocks-advanced-columns has-2-columns has-desktop-oneTwo-layout has-tablet-equal-layout has-mobile-collapsedRows-layout has-default-gap has-vertical-unset\" id=\"wp-block-themeisle-blocks-advanced-columns-ccb85cbb\"><div class=\"wp-block-themeisle-blocks-advanced-columns-overlay\"><\/div><div class=\"innerblocks-wrap\">\n<div class=\"wp-block-themeisle-blocks-advanced-column\" id=\"wp-block-themeisle-blocks-advanced-column-909aa4f8\">\n<h2 class=\"has-text-align-left has-light-grey-background-color has-background has-large-font-size wp-block-heading\" style=\"line-height:1\">Acompa\u00f1amiento<\/h2>\n<\/div>\n\n\n\n<div class=\"wp-block-themeisle-blocks-advanced-column\" id=\"wp-block-themeisle-blocks-advanced-column-04d19bd7\">\n<p class=\"has-background\" style=\"background-color:#f4f4f4\">FECOVI<\/p>\n<\/div>\n<\/div><\/div>\n\n\n\n<div style=\"height:100px\" aria-hidden=\"true\" class=\"wp-block-spacer\"><\/div>\n","protected":false},"excerpt":{"rendered":"","protected":false},"author":1,"featured_media":1042,"parent":0,"menu_order":0,"comment_status":"closed","ping_status":"closed","template":"","meta":{"_themeisle_gutenberg_block_has_review":false,"footnotes":""},"class_list":["post-1037","page","type-page","status-publish","has-post-thumbnail","hentry"],"_links":{"self":[{"href":"https:\/\/cohabitem.org\/es\/wp-json\/wp\/v2\/pages\/1037","targetHints":{"allow":["GET"]}}],"collection":[{"href":"https:\/\/cohabitem.org\/es\/wp-json\/wp\/v2\/pages"}],"about":[{"href":"https:\/\/cohabitem.org\/es\/wp-json\/wp\/v2\/types\/page"}],"author":[{"embeddable":true,"href":"https:\/\/cohabitem.org\/es\/wp-json\/wp\/v2\/users\/1"}],"replies":[{"embeddable":true,"href":"https:\/\/cohabitem.org\/es\/wp-json\/wp\/v2\/comments?post=1037"}],"version-history":[{"count":6,"href":"https:\/\/cohabitem.org\/es\/wp-json\/wp\/v2\/pages\/1037\/revisions"}],"predecessor-version":[{"id":1047,"href":"https:\/\/cohabitem.org\/es\/wp-json\/wp\/v2\/pages\/1037\/revisions\/1047"}],"wp:featuredmedia":[{"embeddable":true,"href":"https:\/\/cohabitem.org\/es\/wp-json\/wp\/v2\/media\/1042"}],"wp:attachment":[{"href":"https:\/\/cohabitem.org\/es\/wp-json\/wp\/v2\/media?parent=1037"}],"curies":[{"name":"wp","href":"https:\/\/api.w.org\/{rel}","templated":true}]}}