{"id":1111,"date":"2021-10-20T09:54:05","date_gmt":"2021-10-20T09:54:05","guid":{"rendered":"https:\/\/cohabitem.org\/?page_id=1111"},"modified":"2024-06-17T15:12:42","modified_gmt":"2024-06-17T15:12:42","slug":"covivienda","status":"publish","type":"page","link":"https:\/\/cohabitem.org\/es\/covivienda\/","title":{"rendered":"\u00bfQu\u00e9 es la covivienda?"},"content":{"rendered":"\n<div id=\"wp-block-themeisle-blocks-advanced-columns-1e769927\" class=\"wp-block-themeisle-blocks-advanced-columns has-2-columns has-desktop-equal-layout has-tablet-equal-layout has-mobile-collapsedRows-layout has-vertical-unset\"><div class=\"wp-block-themeisle-blocks-advanced-columns-overlay\"><\/div><div class=\"innerblocks-wrap\">\n<div id=\"wp-block-themeisle-blocks-advanced-column-36c9fbc4\" class=\"wp-block-themeisle-blocks-advanced-column\">\n<p>La&nbsp;<strong>covivienda<\/strong>, tambi\u00e9n llamada&nbsp;<strong>vivienda colaborativa<\/strong>, <em><strong>cohabitatge<\/strong><\/em>&nbsp;o&nbsp;<em><strong>cohousing<\/strong><\/em>, es una modalidad de acceso a la vivienda que, tras un largo recorrido en pa\u00edses tan distintos como Dinamarca o Uruguay, est\u00e1 extendi\u00e9ndose en la Comunidad Valenciana y en Espa\u00f1a en general.<\/p>\n<\/div>\n\n\n\n<div id=\"wp-block-themeisle-blocks-advanced-column-3d00e223\" class=\"wp-block-themeisle-blocks-advanced-column\">\n<p>Con la popularizaci\u00f3n del t\u00e9rmino est\u00e1n apareciendo interpretaciones diferentes, especialmente en torno a la palabra&nbsp;<em>cohousing<\/em>. A continuaci\u00f3n revisamos varias formas de definir este tipo de proyectos para tratar de fijar un marco com\u00fan sobre el que trabajar.<\/p>\n<\/div>\n<\/div><\/div>\n\n\n\n<h2 class=\"wp-block-heading\">Definici\u00f3n por tipolog\u00eda y funcionamiento: una forma de vivir<\/h2>\n\n\n\n<div id=\"wp-block-themeisle-blocks-advanced-columns-766e1c34\" class=\"wp-block-themeisle-blocks-advanced-columns has-2-columns has-desktop-twoOne-layout has-tablet-equal-layout has-mobile-collapsedRows-layout has-vertical-unset\"><div class=\"wp-block-themeisle-blocks-advanced-columns-overlay\"><\/div><div class=\"innerblocks-wrap\">\n<div id=\"wp-block-themeisle-blocks-advanced-column-530891b5\" class=\"wp-block-themeisle-blocks-advanced-column\">\n<p>La definici\u00f3n m\u00e1s b\u00e1sica de <em>cohousing<\/em> es la que atiende principalmente a las <strong>din\u00e1micas comunitarias<\/strong> de un grupo de personas y a la <strong>tipolog\u00eda arquitect\u00f3nica<\/strong> que las sostiene.<\/p>\n\n\n\n<p class=\"has-light-grey-background-color has-background\">Seg\u00fan esta perspectiva, el <em>cohousing<\/em> se podr\u00eda definir como un vecindario que busca favorecer la vida en comunidad a trav\u00e9s de espacios y servicios compartidos.<\/p>\n\n\n\n<p>A nivel <strong>social<\/strong>, se busca una mejora en la calidad de vida a trav\u00e9s de un equilibrio entre la autonom\u00eda y privacidad de las personas, y el apoyo mutuo o los servicios gestionados como una  comunidad. Se habla de <strong>comunidades intencionales<\/strong> que comparten un prop\u00f3sito o una visi\u00f3n com\u00fan sobre c\u00f3mo quieren vivir, y se vincula a conceptos como el <strong>consumo colaborativo<\/strong>.<\/p>\n\n\n\n<p>Su realidad social, en cuanto a edades, tipos de unidades de convivencia, niveles socioecon\u00f3micos y otros aspectos, puede ser muy diversa.<\/p>\n\n\n\n<p>A nivel <strong>arquitect\u00f3nico<\/strong>, se habla de edificios con una proporci\u00f3n <strong>espacios y servicios compartidos<\/strong> mayor de lo habitual. Aparecen espacios como lavander\u00edas, salas de eventos sociales o usos m\u00faltiples, gimnasios, cocinas comunitarias, espacios para la infancia o los cuidados, etc.<\/p>\n\n\n\n<p>Su realidad arquitect\u00f3nica puede igualmente variada, abarcando desde la rehabilitaci\u00f3n de edificios existentes hasta la edificaci\u00f3n de nueva planta, desde viviendas aisladas hasta viviendas plurifamiliares o centros residenciales.<\/p>\n<\/div>\n\n\n\n<div id=\"wp-block-themeisle-blocks-advanced-column-f85adf18\" class=\"wp-block-themeisle-blocks-advanced-column\">\n<p>Sin embargo, esta definici\u00f3n no garantiza que este modelo vaya a tener un impacto positivo en el acceso a la vivienda como derecho fundamental. <\/p>\n\n\n\n<p>No hace referencia al modelo econ\u00f3mico y jur\u00eddico, en el que se apoyan aspectos como la inclusi\u00f3n, la propiedad, la no especulaci\u00f3n o la participaci\u00f3n. <\/p>\n\n\n\n<p class=\"has-light-grey-background-color has-background\">Por tanto, esta definici\u00f3n la consideramos insuficiente para crear pol\u00edticas p\u00fablicas s\u00f3lidas que faciliten el acceso a la vivienda. Creemos que es importante <strong>profundizar m\u00e1s en el modelo<\/strong> y se\u00f1alar otro tipo de cualidades o valores fundamentales, como proponemos a continuaci\u00f3n.<\/p>\n<\/div>\n<\/div><\/div>\n\n\n\n<h2 class=\"wp-block-heading\">Cesi\u00f3n de uso<\/h2>\n\n\n\n<p>En el modelo de cesi\u00f3n de uso, la propiedad de la edificaci\u00f3n y las instalaciones es colectiva e indivisa: pertenecen a la cooperativa. <\/p>\n\n\n\n<p>La cooperativa cede el uso de las viviendas y los espacios comunes a las personas socias, que a cambio aportan a la cooperativa:<\/p>\n\n\n\n<ul class=\"wp-block-list\">\n<li>Una <strong>aportaci\u00f3n obligatoria al capital social<\/strong>, retornable, que dota a la cooperativa de fondos propios para acometer la promoci\u00f3n. Cuando una persona socia deja el proyecto, se le devuelve su aportaci\u00f3n y otra persona entra con una aportaci\u00f3n equivalente en su lugar.<\/li>\n\n\n\n<li>Una <strong>cuota mensual de cesi\u00f3n de uso<\/strong>, no retornable y asimilable a un alquiler, que se mantiene todo el tiempo que una persona permanezca como socia y permite a la cooperativa devolver la financiaci\u00f3n e ir cubriendo otros gastos del proyecto.<\/li>\n<\/ul>\n\n\n\n<p>Adicionalmente, la mayor\u00eda de proyectos aplican una <strong>cuota de servicios<\/strong> que permite cubrir suministros b\u00e1sicos (agua, luz, gas, internet, etc.) y otros servicios que la cooperativa decida implementar.<\/p>\n\n\n\n<h2 class=\"wp-block-heading\">Definici\u00f3n por principios: un modelo de acceso a la vivienda<\/h2>\n\n\n\n<div id=\"wp-block-themeisle-blocks-advanced-columns-dc3aa839\" class=\"wp-block-themeisle-blocks-advanced-columns has-2-columns has-desktop-oneTwo-layout has-tablet-equal-layout has-mobile-collapsedRows-layout has-vertical-unset\"><div class=\"wp-block-themeisle-blocks-advanced-columns-overlay\"><\/div><div class=\"innerblocks-wrap\">\n<div id=\"wp-block-themeisle-blocks-advanced-column-d07935e3\" class=\"wp-block-themeisle-blocks-advanced-column\">\n<p>As\u00ed pues, buscamos una definici\u00f3n que nos permita delimitar claramente qu\u00e9 aspectos hacen del modelo de vivienda colaborativa  en cesi\u00f3n de uso <strong>un modelo deseable para la sociedad y digno de apoyo institucional.<\/strong><\/p>\n\n\n\n<p>Para ello, nos apoyamos en los principios consensuados en el seno del grupo de trabajo de vivienda cooperativa en cesi\u00f3n de uso en la Red de Redes de Econom\u00eda Alternativa y Solidaria (REAS), los cuales suscribimos como Coordinadora:<\/p>\n<\/div>\n\n\n\n<div id=\"wp-block-themeisle-blocks-advanced-column-6b972d18\" class=\"wp-block-themeisle-blocks-advanced-column\">\n<ol class=\"wp-block-list\">\n<li><strong>No lucro y propiedad cooperativa:<\/strong> La propiedad es cooperativa y se mantiene como tal indefinidamente. Los proyectos se constituyen como cooperativas sin \u00e1nimo de lucro. Se busca que la financiaci\u00f3n sea colectiva. No hay recuperaci\u00f3n de la cuota o canon peri\u00f3dico de uso.<\/li>\n\n\n\n<li><strong>Autopromoci\u00f3n y comunidad: <\/strong>Intenci\u00f3n de vida comunitaria y apoyo mutuo, en proyectos liderados por las personas socias habitantes. Todas las unidades de convivencia tienen al menos una persona socia. Esfuerzo de empoderamiento y formaci\u00f3n de las socias. Transparencia y apertura hacia el entorno.<\/li>\n\n\n\n<li><strong>Vivienda asequible e inclusiva:<\/strong> Criterios de acceso transparentes y traspaso del uso de la vivienda a trav\u00e9s de la cooperativa. Se limita la aportaci\u00f3n inicial para facilitar la asequibilidad del modelo, que se ha de mantener a lo largo del tiempo.<\/li>\n\n\n\n<li><strong>Corresponsabilidad con el entorno:<\/strong> Intencionalidad de  vinculaci\u00f3n con el entorno y el territorio, y apuesta por la sostenibilidad medioambiental. Implicaci\u00f3n en el trabajo por el derecho a la vivienda y el fomento de modelos alternativos de habitar.<\/li>\n\n\n\n<li><strong>Crecimiento y replicabilidad:<\/strong> Compartir conocimientos con el sector y el entorno. Realizaci\u00f3n de acciones para fomentar y difundir el modelo.<\/li>\n<\/ol>\n<\/div>\n<\/div><\/div>\n\n\n\n<p>Estos aspectos no han de entenderse como&nbsp;<em>requisitos<\/em>&nbsp;que han de cumplir \u00edntegramente todos los proyectos que quieran formar parte de la Coordinadora. Son m\u00e1s bien unos&nbsp;<em>principios<\/em>&nbsp;que compartimos y a los que aspiramos por encima de la diversidad de circunstancias y enfoques de cada proyecto en particular.<\/p>\n\n\n\n<p>Si tienes un proyecto que responda de forma general a este planteamiento y est\u00e9 situado en la Comunidad Valenciana, no lo dudes. \u00a1Cont\u00e1ctanos y \u00fanete a la coordinadora!<\/p>\n\n\n\n<h2 class=\"wp-block-heading\" id=\"ejemplos\">Algunos ejemplos de proyectos<\/h2>\n\n\n\n<p>Aunque es un modelo novedoso, la vivienda colaborativa en cesi\u00f3n de uso se est\u00e1 extendiendo de forma exponencial por todo el territorio, y cada vez contamos con m\u00e1s proyectos en funcionamiento. <\/p>\n\n\n\n<p>A continuaci\u00f3n enlazamos a algunos ejemplos que muestran la variedad de enfoques (intergeneracional, senior), de modalidades de acceso al suelo (en propiedad, en derecho de superficie), de formas de financiaci\u00f3n, etc.<\/p>\n\n\n\n<h3 class=\"wp-block-heading\">Entrepatios Las Carolinas<\/h3>\n\n\n\n<div class=\"wp-block-columns is-layout-flex wp-container-core-columns-is-layout-1 wp-block-columns-is-layout-flex\">\n<div class=\"wp-block-column is-layout-flow wp-block-column-is-layout-flow\">\n<div style=\"height:30px\" aria-hidden=\"true\" class=\"wp-block-spacer\"><\/div>\n\n\n\n<figure class=\"wp-block-image size-large\"><img decoding=\"async\" width=\"1024\" height=\"684\" src=\"https:\/\/cohabitem.org\/wp-content\/uploads\/2022\/10\/image-1024x684.png\" alt=\"\" class=\"wp-image-1402\" srcset=\"https:\/\/cohabitem.org\/wp-content\/uploads\/2022\/10\/image-1024x684.png 1024w, https:\/\/cohabitem.org\/wp-content\/uploads\/2022\/10\/image-300x200.png 300w, https:\/\/cohabitem.org\/wp-content\/uploads\/2022\/10\/image-768x513.png 768w, https:\/\/cohabitem.org\/wp-content\/uploads\/2022\/10\/image-18x12.png 18w, https:\/\/cohabitem.org\/wp-content\/uploads\/2022\/10\/image.png 1444w\" sizes=\"(max-width: 1024px) 100vw, 1024px\" \/><figcaption class=\"wp-element-caption\">Fachada exterior &#8211; foto: <a rel=\"noreferrer noopener\" href=\"https:\/\/www.entrepatios.org\/las-carolinas\/\" target=\"_blank\">Entrepatios<\/a><\/figcaption><\/figure>\n<\/div>\n\n\n\n<div class=\"wp-block-column is-layout-flow wp-block-column-is-layout-flow\">\n<p>Entrepatios La Carolinas es la primera de varias promociones de la cooperativa Entrepatios, situada en Madrid. Es un proyecto <strong>intergeneracional<\/strong> de vivienda colaborativa en cesi\u00f3n de uso constituido por 17 viviendas y espacios comunitarios, construido con los m\u00e1s altos est\u00e1ndares de ecolog\u00eda y eficiencia energ\u00e9tica. Habitado desde el a\u00f1o 2020.<\/p>\n\n\n\n<p>Est\u00e1 construido sobre <strong>suelo privado<\/strong> y financiado por Fiare y Triodos.<\/p>\n\n\n\n<p class=\"has-light-grey-background-color has-background\"><a rel=\"noreferrer noopener\" href=\"https:\/\/www.entrepatios.org\/\" target=\"_blank\">www.entrepatios.org<\/a><\/p>\n<\/div>\n<\/div>\n\n\n\n<h3 class=\"wp-block-heading\">La Borda<\/h3>\n\n\n\n<div class=\"wp-block-columns is-layout-flex wp-container-core-columns-is-layout-2 wp-block-columns-is-layout-flex\">\n<div class=\"wp-block-column is-layout-flow wp-block-column-is-layout-flow\">\n<div style=\"height:30px\" aria-hidden=\"true\" class=\"wp-block-spacer\"><\/div>\n\n\n\n<figure class=\"wp-block-image size-large\"><img decoding=\"async\" width=\"1024\" height=\"679\" src=\"https:\/\/cohabitem.org\/wp-content\/uploads\/2022\/10\/image-1-1024x679.png\" alt=\"\" class=\"wp-image-1403\" srcset=\"https:\/\/cohabitem.org\/wp-content\/uploads\/2022\/10\/image-1-1024x679.png 1024w, https:\/\/cohabitem.org\/wp-content\/uploads\/2022\/10\/image-1-300x199.png 300w, https:\/\/cohabitem.org\/wp-content\/uploads\/2022\/10\/image-1-768x509.png 768w, https:\/\/cohabitem.org\/wp-content\/uploads\/2022\/10\/image-1-18x12.png 18w, https:\/\/cohabitem.org\/wp-content\/uploads\/2022\/10\/image-1.png 1479w\" sizes=\"(max-width: 1024px) 100vw, 1024px\" \/><figcaption class=\"wp-element-caption\">Pasaje interior &#8211; foto: <a href=\"http:\/\/www.laborda.coop\/es\/\" target=\"_blank\" rel=\"noreferrer noopener\">La Borda<\/a><\/figcaption><\/figure>\n\n\n\n<p><\/p>\n<\/div>\n\n\n\n<div class=\"wp-block-column is-layout-flow wp-block-column-is-layout-flow\">\n<p>Uno de los primeros proyectos en Barcelona. Vivienda colaborativa <strong>intergeneracional<\/strong> en cesi\u00f3n de uso con 28 viviendas y espacios comunitarios, tambi\u00e9n construido buscando reducir su impacto y maximizar su eficiencia energ\u00e9tica. Habitado desde 2019.<\/p>\n\n\n\n<p>Est\u00e1 situado en un <strong>suelo p\u00fablico<\/strong> del Ayuntamiento de Barcelona, en derecho de superficie por 75 a\u00f1os. Financiado con una diversidad de mecanismos incluyendo pr\u00e9stamos de entidades financieras como Coop57, t\u00edtulos participativos, pr\u00e9stamos participativos y subvenciones.<\/p>\n\n\n\n<p class=\"has-light-grey-background-color has-background\"><a rel=\"noreferrer noopener\" href=\"http:\/\/www.laborda.coop\" target=\"_blank\">www.laborda.coop<\/a><\/p>\n<\/div>\n<\/div>\n\n\n\n<h3 class=\"wp-block-heading\">Trabensol<\/h3>\n\n\n\n<div class=\"wp-block-columns is-layout-flex wp-container-core-columns-is-layout-3 wp-block-columns-is-layout-flex\">\n<div class=\"wp-block-column is-layout-flow wp-block-column-is-layout-flow\">\n<div style=\"height:30px\" aria-hidden=\"true\" class=\"wp-block-spacer\"><\/div>\n\n\n\n<figure class=\"wp-block-image size-large\"><img decoding=\"async\" width=\"1024\" height=\"576\" src=\"https:\/\/cohabitem.org\/wp-content\/uploads\/2022\/10\/image-2-1024x576.png\" alt=\"\" class=\"wp-image-1404\" srcset=\"https:\/\/cohabitem.org\/wp-content\/uploads\/2022\/10\/image-2-1024x576.png 1024w, https:\/\/cohabitem.org\/wp-content\/uploads\/2022\/10\/image-2-300x169.png 300w, https:\/\/cohabitem.org\/wp-content\/uploads\/2022\/10\/image-2-768x432.png 768w, https:\/\/cohabitem.org\/wp-content\/uploads\/2022\/10\/image-2-18x10.png 18w, https:\/\/cohabitem.org\/wp-content\/uploads\/2022\/10\/image-2.png 1500w\" sizes=\"(max-width: 1024px) 100vw, 1024px\" \/><figcaption class=\"wp-element-caption\">Terrazas de los apartamentos y jardines &#8211; foto: <a rel=\"noreferrer noopener\" href=\"https:\/\/trabensol.org\" target=\"_blank\">Trabensol<\/a><\/figcaption><\/figure>\n<\/div>\n\n\n\n<div class=\"wp-block-column is-layout-flow wp-block-column-is-layout-flow\">\n<p>Uno de los proyectos pioneros de la cesi\u00f3n de uso y m\u00e1s conocidos en el estado espa\u00f1ol, lleva en funcionamiento desde el a\u00f1o 2013. Es un proyecto <strong>senior<\/strong>, pensado para personas mayores, cuenta con 54 apartamentos.<\/p>\n\n\n\n<p>Est\u00e1 situado sobre <strong>suelo privado<\/strong>. Aunque la propiedad es colectiva (de la cooperativa) y utilizan la cesi\u00f3n de uso como modo de acceso a la vivienda, en este caso la aportaci\u00f3n al capital cubre el total de la inversi\u00f3n y no se aplican cuotas de cesi\u00f3n de uso como en el modelo aqu\u00ed descrito.<\/p>\n\n\n\n<p class=\"has-light-grey-background-color has-background\"><a rel=\"noreferrer noopener\" href=\"https:\/\/trabensol.org\/\" target=\"_blank\">www.trabensol.org<\/a><\/p>\n<\/div>\n<\/div>\n\n\n\n<h3 class=\"wp-block-heading\">Y muchos m\u00e1s<\/h3>\n\n\n\n<p>Estos proyectos pretenden ser una peque\u00f1a muestra de la gran variedad existente en la actualidad. Se pueden conocer otros proyectos en diferentes fases de desarrollo a trav\u00e9s de varios mapeos existentes:<\/p>\n\n\n\n<ul class=\"wp-block-list\">\n<li><a rel=\"noreferrer noopener\" href=\"https:\/\/cohousingspain.org\/categoria-directorio\/comunidades-grupos-cohousing-espana\/\" target=\"_blank\">Cohousing Spain<\/a> (\u00e1mbito estatal)<\/li>\n\n\n\n<li><a rel=\"noreferrer noopener\" href=\"https:\/\/llargavista.coop\/\" target=\"_blank\">Llargavista<\/a> (\u00e1mbito Catalu\u00f1a)<\/li>\n\n\n\n<li><a rel=\"noreferrer noopener\" href=\"https:\/\/experience.arcgis.com\/experience\/21f036a19c87430b97ff21035f11a86a\/page\/P%C3%A1gina\/\" target=\"_blank\">Mapa de vivienda cooperativa en cesi\u00f3n de uso<\/a> (\u00e1mbito estatal) creado por REAS Vivienda + Alterhabitat<\/li>\n<\/ul>\n\n\n\n<p>Insertamos a continuaci\u00f3n este \u00faltimo:<\/p>\n\n\n\n<iframe loading=\"lazy\" width=\"100%\" height=\"700px\" src=\"https:\/\/experience.arcgis.com\/experience\/21f036a19c87430b97ff21035f11a86a\/page\/P%C3%A1gina\/\"><\/iframe>\n\n\n\n<div style=\"height:100px\" aria-hidden=\"true\" class=\"wp-block-spacer\"><\/div>\n","protected":false},"excerpt":{"rendered":"<p>Definici\u00f3n por tipolog\u00eda y funcionamiento: una forma de vivir Cesi\u00f3n de uso En el modelo de cesi\u00f3n de uso, la propiedad de la edificaci\u00f3n y las instalaciones es colectiva e indivisa: pertenecen a la cooperativa. La cooperativa cede el uso de las viviendas y los espacios comunes a las personas socias, que a cambio aportan [&hellip;]<\/p>\n","protected":false},"author":1,"featured_media":0,"parent":0,"menu_order":0,"comment_status":"closed","ping_status":"closed","template":"custom_slug_613888e4d0e71","meta":{"_themeisle_gutenberg_block_has_review":false,"footnotes":""},"class_list":["post-1111","page","type-page","status-publish","hentry"],"_links":{"self":[{"href":"https:\/\/cohabitem.org\/es\/wp-json\/wp\/v2\/pages\/1111","targetHints":{"allow":["GET"]}}],"collection":[{"href":"https:\/\/cohabitem.org\/es\/wp-json\/wp\/v2\/pages"}],"about":[{"href":"https:\/\/cohabitem.org\/es\/wp-json\/wp\/v2\/types\/page"}],"author":[{"embeddable":true,"href":"https:\/\/cohabitem.org\/es\/wp-json\/wp\/v2\/users\/1"}],"replies":[{"embeddable":true,"href":"https:\/\/cohabitem.org\/es\/wp-json\/wp\/v2\/comments?post=1111"}],"version-history":[{"count":86,"href":"https:\/\/cohabitem.org\/es\/wp-json\/wp\/v2\/pages\/1111\/revisions"}],"predecessor-version":[{"id":1626,"href":"https:\/\/cohabitem.org\/es\/wp-json\/wp\/v2\/pages\/1111\/revisions\/1626"}],"wp:attachment":[{"href":"https:\/\/cohabitem.org\/es\/wp-json\/wp\/v2\/media?parent=1111"}],"curies":[{"name":"wp","href":"https:\/\/api.w.org\/{rel}","templated":true}]}}