{"id":1170,"date":"2021-10-20T10:29:42","date_gmt":"2021-10-20T10:29:42","guid":{"rendered":"https:\/\/cohabitem.org\/?page_id=1170"},"modified":"2023-11-08T10:40:52","modified_gmt":"2023-11-08T10:40:52","slug":"argumentario","status":"publish","type":"page","link":"https:\/\/cohabitem.org\/es\/argumentario\/","title":{"rendered":"\u00bfPor qu\u00e9 la covivienda?"},"content":{"rendered":"\n<div id=\"wp-block-themeisle-blocks-advanced-columns-34a65992\" class=\"wp-block-themeisle-blocks-advanced-columns has-2-columns has-desktop-oneTwo-layout has-tablet-equal-layout has-mobile-collapsedRows-layout has-vertical-unset\"><div class=\"wp-block-themeisle-blocks-advanced-columns-overlay\"><\/div><div class=\"innerblocks-wrap\">\n<div id=\"wp-block-themeisle-blocks-advanced-column-1a97cbdf\" class=\"wp-block-themeisle-blocks-advanced-column\">\n<p>A continuaci\u00f3n, exponemos algunos aspectos que hacen de la covivienda o vivienda <strong>colaborativa en cesi\u00f3n de uso<\/strong> un modelo deseable para la sociedad actual.<\/p>\n\n\n\n<p>Esto es apenas el punto de arranque de un argumentario que iremos estructurando y mejorando con el tiempo.<\/p>\n<\/div>\n\n\n\n<div id=\"wp-block-themeisle-blocks-advanced-column-6a06bafd\" class=\"wp-block-themeisle-blocks-advanced-column\">\n<ul class=\"has-green-background-color has-background wp-block-list\">\n<li>Facilita el acceso a la vivienda (asequible y social) para los m\u00e1s j\u00f3venes (conciliaci\u00f3n familia-trabajo) y los m\u00e1s mayores (envejecimiento activo), generando alternativas en el marco de la econom\u00eda social (residencias, viviendas tuteladas, atenci\u00f3n domiciliaria&#8230;)<\/li>\n\n\n\n<li>Contribuye al desarrollo sostenible (Objetivos 2030) y a resolver el problema de la Espa\u00f1a vaciada a la vez que crea nuevos puestos de trabajo.<\/li>\n\n\n\n<li>Permite una alternativa al alquiler con precios de mercado al alza para personas que no pueden comprar, consiguiendo con la cesi\u00f3n en uso una soluci\u00f3n de hogar mucho m\u00e1s estable, con apoyo comunitario.<\/li>\n\n\n\n<li>En tiempos del auge del teletrabajo, permite conciliar con mucha mayor calidad y flexibilidad la vida personal y laboral, y combina de forma natural con espacios compartidos de trabajo tipo <em>coworking<\/em>. Estos espacios de cotrabajo se convierten en generadores de riqueza para el entorno.<\/li>\n\n\n\n<li>El co-cuidado entre las personas, tanto en ambientes intergeneracionales como de personas mayores, permite una mejora en la calidad de vida y un ahorro en costes de salud importantes, reforzando la prevenci\u00f3n y facilitando la atenci\u00f3n primaria.<\/li>\n\n\n\n<li>Desde el punto de vista financiero, es mucho m\u00e1s rentable y econ\u00f3mico para la Generalitat Valenciana apoyar con garant\u00edas la financiaci\u00f3n que asumir los costes de creaci\u00f3n de parque p\u00fablico directo. Siendo las cooperativas que se originen en suelo p\u00fablico la mejor forma de crear, a corto plazo, soluciones realistas que se pueden llevar a cabo y, a largo plazo, nivelando el parque de vivienda social tan necesario.<\/li>\n\n\n\n<li>La autogesti\u00f3n y el desarrollo de capacidades dota a los grupos sociales de mucha m\u00e1s resiliencia  ante las adversidades  de cualquier tipo, como se ha demostrado durante la pandemia.<\/li>\n\n\n\n<li>Es mucho m\u00e1s efectiva que la vivienda social tradicional en favorecer la diversidad y evitar la creaci\u00f3n de \u00abguetos\u00bb sociales. Permite que una amplia capa social media interact\u00fae entre s\u00ed, dando soporte y ayuda en caso de necesidad a las personas de su propia cooperativa.<\/li>\n\n\n\n<li>El trabajo en red, natural a las cooperativas, har\u00e1 que las ayudas se multipliquen entre los distintos grupos humanos, haciendo que el conocimiento y la colaboraci\u00f3n se extiendan en beneficio de toda la sociedad.<\/li>\n<\/ul>\n<\/div>\n<\/div><\/div>\n","protected":false},"excerpt":{"rendered":"","protected":false},"author":1,"featured_media":0,"parent":0,"menu_order":0,"comment_status":"closed","ping_status":"closed","template":"","meta":{"_themeisle_gutenberg_block_has_review":false,"footnotes":""},"class_list":["post-1170","page","type-page","status-publish","hentry"],"_links":{"self":[{"href":"https:\/\/cohabitem.org\/es\/wp-json\/wp\/v2\/pages\/1170","targetHints":{"allow":["GET"]}}],"collection":[{"href":"https:\/\/cohabitem.org\/es\/wp-json\/wp\/v2\/pages"}],"about":[{"href":"https:\/\/cohabitem.org\/es\/wp-json\/wp\/v2\/types\/page"}],"author":[{"embeddable":true,"href":"https:\/\/cohabitem.org\/es\/wp-json\/wp\/v2\/users\/1"}],"replies":[{"embeddable":true,"href":"https:\/\/cohabitem.org\/es\/wp-json\/wp\/v2\/comments?post=1170"}],"version-history":[{"count":11,"href":"https:\/\/cohabitem.org\/es\/wp-json\/wp\/v2\/pages\/1170\/revisions"}],"predecessor-version":[{"id":1623,"href":"https:\/\/cohabitem.org\/es\/wp-json\/wp\/v2\/pages\/1170\/revisions\/1623"}],"wp:attachment":[{"href":"https:\/\/cohabitem.org\/es\/wp-json\/wp\/v2\/media?parent=1170"}],"curies":[{"name":"wp","href":"https:\/\/api.w.org\/{rel}","templated":true}]}}