{"id":989,"date":"2021-10-17T23:13:51","date_gmt":"2021-10-17T23:13:51","guid":{"rendered":"https:\/\/cohabitem.org\/?page_id=989"},"modified":"2021-10-17T23:39:35","modified_gmt":"2021-10-17T23:39:35","slug":"propuestas-de-financiacion","status":"publish","type":"page","link":"https:\/\/cohabitem.org\/es\/propuestas-de-financiacion\/","title":{"rendered":"Propuestas de financiaci\u00f3n"},"content":{"rendered":"\n<p>Desde Cohabitem estamos en proceso de compartir y poner en com\u00fan los retos y dificultades que encuentran nuestros proyectos, as\u00ed como las acciones que estamos tomando para superarlos. <\/p>\n\n\n\n<p>A continuaci\u00f3n reproducimos algunas de las propuestas que estamos estudiando para la <strong>financiaci\u00f3n<\/strong> de la covivienda valenciana.<\/p>\n\n\n\n<ol class=\"wp-block-list\"><li>Poner en marcha de <strong>l\u00edneas de financiaci\u00f3n<\/strong> para proyectos cooperativos con viviendas en cesi\u00f3n de uso desde el <strong>Instituto Valenciano de Finanzas<\/strong>.<\/li><li>Poner en marcha una l\u00ednea de <strong>garant\u00edas y avales<\/strong> de la Generalitat Valenciana para facilitar la financiaci\u00f3n privada y\/o p\u00fablica de este tipo de proyectos. Solicitar a la Sociedad mercantil estatal CERSA (adscrita al Ministerio de Industria, Comercio y Turismo) que no excluya a la vivienda de su <strong>actividad de contragarant\u00eda a las SGR<\/strong> (Sociedades de garant\u00eda rec\u00edproca).<\/li><li><strong>Equiparar las ayudas<\/strong> existentes para fomento y gastos de alquiler (plan estatal y resto de ayudas) y posibles deducciones a las cooperativas en <strong>cesi\u00f3n de uso<\/strong> porque trasladan el alquiler asequible al mundo cooperativo en la figura de la cesi\u00f3n de uso.<\/li><li>Convocar <strong>ayudas espec\u00edficas<\/strong> como v\u00eda de financiaci\u00f3n adicional para favorecer el crecimiento de la vivienda colaborativa en cesi\u00f3n de uso (VCCU), condicionada a su mantenimiento indefinido.<\/li><li>Facilitar el <strong>acceso a ayudas<\/strong> para Asistencias T\u00e9cnicas (como ESEAST), actualmente limitadas a cooperativas de trabajo asociado y sociedades laborales.<\/li><\/ol>\n\n\n\n<div style=\"height:100px\" aria-hidden=\"true\" class=\"wp-block-spacer\"><\/div>\n","protected":false},"excerpt":{"rendered":"<p>Desde Cohabitem estamos en proceso de compartir y poner en com\u00fan los retos y dificultades que encuentran nuestros proyectos, as\u00ed como las acciones que estamos tomando para superarlos. A continuaci\u00f3n reproducimos algunas de las propuestas que estamos estudiando para la financiaci\u00f3n de la covivienda valenciana. Poner en marcha de l\u00edneas de financiaci\u00f3n para proyectos cooperativos [&hellip;]<\/p>\n","protected":false},"author":1,"featured_media":0,"parent":0,"menu_order":0,"comment_status":"closed","ping_status":"closed","template":"custom_slug_613888e4d0e71","meta":{"_themeisle_gutenberg_block_has_review":false,"footnotes":""},"class_list":["post-989","page","type-page","status-publish","hentry"],"_links":{"self":[{"href":"https:\/\/cohabitem.org\/es\/wp-json\/wp\/v2\/pages\/989","targetHints":{"allow":["GET"]}}],"collection":[{"href":"https:\/\/cohabitem.org\/es\/wp-json\/wp\/v2\/pages"}],"about":[{"href":"https:\/\/cohabitem.org\/es\/wp-json\/wp\/v2\/types\/page"}],"author":[{"embeddable":true,"href":"https:\/\/cohabitem.org\/es\/wp-json\/wp\/v2\/users\/1"}],"replies":[{"embeddable":true,"href":"https:\/\/cohabitem.org\/es\/wp-json\/wp\/v2\/comments?post=989"}],"version-history":[{"count":2,"href":"https:\/\/cohabitem.org\/es\/wp-json\/wp\/v2\/pages\/989\/revisions"}],"predecessor-version":[{"id":1005,"href":"https:\/\/cohabitem.org\/es\/wp-json\/wp\/v2\/pages\/989\/revisions\/1005"}],"wp:attachment":[{"href":"https:\/\/cohabitem.org\/es\/wp-json\/wp\/v2\/media?parent=989"}],"curies":[{"name":"wp","href":"https:\/\/api.w.org\/{rel}","templated":true}]}}